{"id":560758,"date":"2025-08-03T12:30:21","date_gmt":"2025-08-03T10:30:21","guid":{"rendered":"https:\/\/lucacastelli.com\/prodotto\/stihl-t-shirt-kids-timbersports-2\/"},"modified":"2025-11-30T10:13:41","modified_gmt":"2025-11-30T09:13:41","slug":"stihl-t-shirt-kids-timbersports-2","status":"publish","type":"product","link":"https:\/\/lucacastelli.com\/de\/produkt\/stihl-t-shirt-kids-timbersports-2\/","title":{"rendered":"STIHL T-Shirt KIDS TIMBERSPORTS"},"content":{"rendered":"<p>Fans und Holzf\u00e4ller aufgepasst: F\u00fcr alle, die ihre Unterst\u00fctzung f\u00fcr STIHL TIMBERSPORTS\u00ae zeigen wollen, gibt es jetzt das perfekte T-Shirt in Schwarz mit dem STIHL Logo in Orange und Wei\u00df. \u00dcbrigens ist es auch angenehm zu tragen, denn selbst der gr\u00f6\u00dfte Fan mag es weich und anschmiegsam auf der Haut.<\/p>\n","protected":false},"excerpt":{"rendered":"<p>Fans und Holzf\u00e4ller aufgepasst: F\u00fcr alle, die ihre Unterst\u00fctzung f\u00fcr STIHL TIMBERSPORTS\u00ae zeigen wollen, gibt es jetzt das perfekte T-Shirt<\/p>\n","protected":false},"featured_media":560748,"template":"","meta":{"_seopress_robots_primary_cat":"","_seopress_titles_title":"","_seopress_titles_desc":"","_seopress_robots_index":""},"product_brand":[3554],"product_cat":[82,1385],"product_tag":[],"class_list":{"0":"post-560758","1":"product","2":"type-product","3":"status-publish","4":"has-post-thumbnail","6":"product_brand-stihl-de","7":"product_cat-kleidung","8":"product_cat-kinderbekleidung","9":"sws-gruppo-abb-libero-de","10":"sws-conto-ricavi-merci-rivendita-abbigliamento-de","11":"sws-gruppo-iva-iva81-de","13":"first","14":"onbackorder","15":"shipping-taxable","16":"purchasable","17":"product-type-variable"},"_links":{"self":[{"href":"https:\/\/lucacastelli.com\/de\/wp-json\/wp\/v2\/product\/560758","targetHints":{"allow":["GET"]}}],"collection":[{"href":"https:\/\/lucacastelli.com\/de\/wp-json\/wp\/v2\/product"}],"about":[{"href":"https:\/\/lucacastelli.com\/de\/wp-json\/wp\/v2\/types\/product"}],"wp:featuredmedia":[{"embeddable":true,"href":"https:\/\/lucacastelli.com\/de\/wp-json\/wp\/v2\/media\/560748"}],"wp:attachment":[{"href":"https:\/\/lucacastelli.com\/de\/wp-json\/wp\/v2\/media?parent=560758"}],"wp:term":[{"taxonomy":"product_brand","embeddable":true,"href":"https:\/\/lucacastelli.com\/de\/wp-json\/wp\/v2\/product_brand?post=560758"},{"taxonomy":"product_cat","embeddable":true,"href":"https:\/\/lucacastelli.com\/de\/wp-json\/wp\/v2\/product_cat?post=560758"},{"taxonomy":"product_tag","embeddable":true,"href":"https:\/\/lucacastelli.com\/de\/wp-json\/wp\/v2\/product_tag?post=560758"}],"curies":[{"name":"wp","href":"https:\/\/api.w.org\/{rel}","templated":true}]}}