{"id":560703,"date":"2025-08-03T12:18:08","date_gmt":"2025-08-03T10:18:08","guid":{"rendered":"https:\/\/lucacastelli.com\/prodotto\/stihl-palla-per-albero-di-natale-icon-2\/"},"modified":"2025-08-03T12:18:14","modified_gmt":"2025-08-03T10:18:14","slug":"stihl-palla-per-albero-di-natale-icon-2","status":"publish","type":"product","link":"https:\/\/lucacastelli.com\/de\/produkt\/stihl-palla-per-albero-di-natale-icon-2\/","title":{"rendered":"STIHL Palla per albero di natale &#8216;ICON&#8217;"},"content":{"rendered":"<p>Schneeflocken, Tannenb\u00e4ume, Motors\u00e4gen \u2013 dieses Muster ziert 2022 die STIHL Winter Capsule Collection. Bei STIHL kann man aber nicht nur Pullover oder Schals kaufen, sondern sogar die zum Outfit passenden Weihnachtkugeln. Erh\u00e4ltlich im Vierer-Set und \u00fcberhaupt nicht kuschelig. Daf\u00fcr wunderbar anzusehen. Die Kugeln sind orange mit wei\u00dfem Aufdruck. <\/p>\n","protected":false},"excerpt":{"rendered":"<p>Schneeflocken, Tannenb\u00e4ume, Motors\u00e4gen \u2013 dieses Muster ziert 2022 die STIHL Winter Capsule Collection. Bei STIHL kann man aber nicht nur<\/p>\n","protected":false},"featured_media":560684,"template":"","meta":{"_seopress_robots_primary_cat":"","_seopress_titles_title":"","_seopress_titles_desc":"","_seopress_robots_index":""},"product_brand":[3366],"product_cat":[1103],"product_tag":[],"class_list":{"0":"post-560703","1":"product","2":"type-product","3":"status-publish","4":"has-post-thumbnail","6":"product_brand-stihl","7":"product_cat-shops","9":"first","10":"onbackorder","11":"shipping-taxable","12":"purchasable","13":"product-type-simple"},"_links":{"self":[{"href":"https:\/\/lucacastelli.com\/de\/wp-json\/wp\/v2\/product\/560703","targetHints":{"allow":["GET"]}}],"collection":[{"href":"https:\/\/lucacastelli.com\/de\/wp-json\/wp\/v2\/product"}],"about":[{"href":"https:\/\/lucacastelli.com\/de\/wp-json\/wp\/v2\/types\/product"}],"wp:featuredmedia":[{"embeddable":true,"href":"https:\/\/lucacastelli.com\/de\/wp-json\/wp\/v2\/media\/560684"}],"wp:attachment":[{"href":"https:\/\/lucacastelli.com\/de\/wp-json\/wp\/v2\/media?parent=560703"}],"wp:term":[{"taxonomy":"product_brand","embeddable":true,"href":"https:\/\/lucacastelli.com\/de\/wp-json\/wp\/v2\/product_brand?post=560703"},{"taxonomy":"product_cat","embeddable":true,"href":"https:\/\/lucacastelli.com\/de\/wp-json\/wp\/v2\/product_cat?post=560703"},{"taxonomy":"product_tag","embeddable":true,"href":"https:\/\/lucacastelli.com\/de\/wp-json\/wp\/v2\/product_tag?post=560703"}],"curies":[{"name":"wp","href":"https:\/\/api.w.org\/{rel}","templated":true}]}}