{"id":560594,"date":"2025-08-03T12:15:50","date_gmt":"2025-08-03T10:15:50","guid":{"rendered":"https:\/\/lucacastelli.com\/prodotto\/stihl-t-shirt-msa-300-2\/"},"modified":"2025-08-03T12:18:59","modified_gmt":"2025-08-03T10:18:59","slug":"stihl-t-shirt-msa-300-2","status":"publish","type":"product","link":"https:\/\/lucacastelli.com\/de\/produkt\/stihl-t-shirt-msa-300-2\/","title":{"rendered":"STIHL T-Shirt MSA 300"},"content":{"rendered":"<p>MSA 300 steht f\u00fcr Innovation, Schnelligkeit und Pr\u00e4zision. Dies ist auch die Botschaft des neuen T-Shirts. Der gro\u00dfe Frontalaufdruck der Kettens\u00e4ge macht einen guten Eindruck.<\/p>\n","protected":false},"excerpt":{"rendered":"<p>MSA 300 steht f\u00fcr Innovation, Schnelligkeit und Pr\u00e4zision. Dies ist auch die Botschaft des neuen T-Shirts. Der gro\u00dfe Frontalaufdruck der<\/p>\n","protected":false},"featured_media":560572,"template":"","meta":{"_seopress_robots_primary_cat":"","_seopress_titles_title":"","_seopress_titles_desc":"","_seopress_robots_index":""},"product_brand":[3366],"product_cat":[21,189,190],"product_tag":[],"class_list":{"0":"post-560594","1":"product","2":"type-product","3":"status-publish","4":"has-post-thumbnail","6":"product_brand-stihl","7":"product_cat-abbigliamento","8":"product_cat-abbigliamento-per-il-tempo-libero","9":"product_cat-abbigliamento-da-uomo","10":"sws-gruppo-abb-libero-de","11":"sws-conto-ricavi-merci-rivendita-abbigliamento-de","12":"sws-gruppo-iva-iva81-de","14":"first","15":"instock","16":"shipping-taxable","17":"product-type-variable"},"_links":{"self":[{"href":"https:\/\/lucacastelli.com\/de\/wp-json\/wp\/v2\/product\/560594","targetHints":{"allow":["GET"]}}],"collection":[{"href":"https:\/\/lucacastelli.com\/de\/wp-json\/wp\/v2\/product"}],"about":[{"href":"https:\/\/lucacastelli.com\/de\/wp-json\/wp\/v2\/types\/product"}],"wp:featuredmedia":[{"embeddable":true,"href":"https:\/\/lucacastelli.com\/de\/wp-json\/wp\/v2\/media\/560572"}],"wp:attachment":[{"href":"https:\/\/lucacastelli.com\/de\/wp-json\/wp\/v2\/media?parent=560594"}],"wp:term":[{"taxonomy":"product_brand","embeddable":true,"href":"https:\/\/lucacastelli.com\/de\/wp-json\/wp\/v2\/product_brand?post=560594"},{"taxonomy":"product_cat","embeddable":true,"href":"https:\/\/lucacastelli.com\/de\/wp-json\/wp\/v2\/product_cat?post=560594"},{"taxonomy":"product_tag","embeddable":true,"href":"https:\/\/lucacastelli.com\/de\/wp-json\/wp\/v2\/product_tag?post=560594"}],"curies":[{"name":"wp","href":"https:\/\/api.w.org\/{rel}","templated":true}]}}