{"id":560173,"date":"2025-08-03T12:02:29","date_gmt":"2025-08-03T10:02:29","guid":{"rendered":"https:\/\/lucacastelli.com\/prodotto\/stihl-zaino-outdoor-stihl-2\/"},"modified":"2025-08-03T12:02:34","modified_gmt":"2025-08-03T10:02:34","slug":"stihl-zaino-outdoor-stihl-2","status":"publish","type":"product","link":"https:\/\/lucacastelli.com\/de\/produkt\/stihl-zaino-outdoor-stihl-2\/","title":{"rendered":"STIHL Zaino outdoor STIHL"},"content":{"rendered":"<p>STIHL Outdoor-Rucksack aus leichtem Material f\u00fcr Wanderungen und andere Outdoor-Aktivit\u00e4ten. Der ergonomisch geformte Rucksack hat eine funktionsorientierte Ausstattung und ist wasserabweisend mit einer integrierten Tasche f\u00fcr vollst\u00e4ndigen Schutz vor Regen. Die gro\u00dfe Innentasche eignet sich zum Tragen von Ausr\u00fcstung, w\u00e4hrend kleinere Innen- und Au\u00dfentaschen zur Aufbewahrung von Zubeh\u00f6r genutzt werden k\u00f6nnen. In einer der Au\u00dfentaschen k\u00f6nnen au\u00dferdem eine Trinkflasche und Trekkingst\u00f6cke untergebracht werden.<\/p>\n<p>Au\u00dfenmaterial: Ripstop-Polyester \/ Polyester<br \/>\nInnenfutter: Polyester<\/p>\n<p>Farbe: Orange \/ Grau \/ Schwarz<br \/>\nMa\u00dfe: 30 \u00d7 50 \u00d7 20 cm (ca. 30 l)<\/p>\n","protected":false},"excerpt":{"rendered":"<p>STIHL Outdoor-Rucksack aus leichtem Material f\u00fcr Wanderungen und andere Outdoor-Aktivit\u00e4ten. Der ergonomisch geformte Rucksack hat eine funktionsorientierte Ausstattung und ist<\/p>\n","protected":false},"featured_media":560163,"template":"","meta":{"_seopress_robots_primary_cat":"","_seopress_titles_title":"","_seopress_titles_desc":"","_seopress_robots_index":""},"product_brand":[3366],"product_cat":[716,211],"product_tag":[],"class_list":{"0":"post-560173","1":"product","2":"type-product","3":"status-publish","4":"has-post-thumbnail","6":"product_brand-stihl","7":"product_cat-altro-abbigliamento-per-il-tempo-libero","8":"product_cat-attrezzatura-per-il-tempo-libero","10":"first","11":"instock","12":"shipping-taxable","13":"purchasable","14":"product-type-simple"},"_links":{"self":[{"href":"https:\/\/lucacastelli.com\/de\/wp-json\/wp\/v2\/product\/560173","targetHints":{"allow":["GET"]}}],"collection":[{"href":"https:\/\/lucacastelli.com\/de\/wp-json\/wp\/v2\/product"}],"about":[{"href":"https:\/\/lucacastelli.com\/de\/wp-json\/wp\/v2\/types\/product"}],"wp:featuredmedia":[{"embeddable":true,"href":"https:\/\/lucacastelli.com\/de\/wp-json\/wp\/v2\/media\/560163"}],"wp:attachment":[{"href":"https:\/\/lucacastelli.com\/de\/wp-json\/wp\/v2\/media?parent=560173"}],"wp:term":[{"taxonomy":"product_brand","embeddable":true,"href":"https:\/\/lucacastelli.com\/de\/wp-json\/wp\/v2\/product_brand?post=560173"},{"taxonomy":"product_cat","embeddable":true,"href":"https:\/\/lucacastelli.com\/de\/wp-json\/wp\/v2\/product_cat?post=560173"},{"taxonomy":"product_tag","embeddable":true,"href":"https:\/\/lucacastelli.com\/de\/wp-json\/wp\/v2\/product_tag?post=560173"}],"curies":[{"name":"wp","href":"https:\/\/api.w.org\/{rel}","templated":true}]}}