{"id":555073,"date":"2025-08-07T06:13:27","date_gmt":"2025-08-07T04:13:27","guid":{"rendered":"https:\/\/lucacastelli.com\/?post_type=product&#038;p=555073"},"modified":"2026-01-17T14:24:16","modified_gmt":"2026-01-17T13:24:16","slug":"milwaukee-batteria-m18-forge-8-0-ah","status":"publish","type":"product","link":"https:\/\/lucacastelli.com\/de\/produkt\/milwaukee-batteria-m18-forge-8-0-ah\/","title":{"rendered":"MILWAUKEE Batteria M18\u2122 FORGE\u2122 8.0 Ah"},"content":{"rendered":"<p>M18FB8 BATTERIE<br \/>\nSprigiona la potenza della batteria M18\u2122 HIGH OUTPUT\u2122 da 12 Ah, in una forma pi\u00f9 compatta e leggera;Raggiunge la carica all&#8217;80% in soli 35 minuti com caricabatterie simultaneo super rapido M18 DBSC, piena carica in 45 minuti;COOL-CYCLE\u2122: Il sistema di raffreddamento attivo \u00e8 in grado di fornire un raffreddamento ad alta velocit\u00e0 per ridurre i tempi morti;REDLITHIUM\u2122 FORGE\u2122 \u00e8 la tecnologia di batterie pi\u00f9 potenti, che si ricaricano pi\u00f9 velocemente e con maggiore vita utile tra le batterie REDLITHIUM\u2122;Maggiore vita utile, per garantire maggiori ricariche e migliori prestazioni lungo il suo arco di vita;Offre maggiore autonomia, per affrontare le applicazioni a pi\u00f9 alto assorbimento;Alloggiamento resistente progettato per fornire una maggiore protezione contro gli oli, solventi e grassi pi\u00f9 comuni;Indicatore di stato di carica della batteria, migliorato per garantire maggiore visibilit\u00e0 alla luce solare;Il sistema elettronico intelligente REDLINK\u2122 protegge il pacco batteria dalle situazioni pi\u00f9 dure e garantisce il massimo della performance;Funziona con tutte le batterie M18\u2122 MILWAUKEE\u00ae<\/p>\n<p>4932492131<br \/>\n4058546414986<\/p>\n","protected":false},"excerpt":{"rendered":"<p>M18FB8 BATTERIE<\/p>\n","protected":false},"featured_media":555074,"template":"","meta":{"_seopress_robots_primary_cat":"","_seopress_titles_title":"","_seopress_titles_desc":"","_seopress_robots_index":""},"product_brand":[3407],"product_cat":[29,491],"product_tag":[3270],"class_list":{"0":"post-555073","1":"product","2":"type-product","3":"status-publish","4":"has-post-thumbnail","6":"product_brand-milwaukee","7":"product_cat-macchinari","8":"product_cat-accessori-sistemi-a-batteria","9":"product_tag-import-milwau","10":"sws-conto-ricavi-merci-rivendita-macchinari","11":"sws-gruppo-iva-iva81","13":"first","14":"onbackorder","15":"sale","16":"shipping-taxable","17":"purchasable","18":"product-type-simple"},"_links":{"self":[{"href":"https:\/\/lucacastelli.com\/de\/wp-json\/wp\/v2\/product\/555073","targetHints":{"allow":["GET"]}}],"collection":[{"href":"https:\/\/lucacastelli.com\/de\/wp-json\/wp\/v2\/product"}],"about":[{"href":"https:\/\/lucacastelli.com\/de\/wp-json\/wp\/v2\/types\/product"}],"wp:featuredmedia":[{"embeddable":true,"href":"https:\/\/lucacastelli.com\/de\/wp-json\/wp\/v2\/media\/555074"}],"wp:attachment":[{"href":"https:\/\/lucacastelli.com\/de\/wp-json\/wp\/v2\/media?parent=555073"}],"wp:term":[{"taxonomy":"product_brand","embeddable":true,"href":"https:\/\/lucacastelli.com\/de\/wp-json\/wp\/v2\/product_brand?post=555073"},{"taxonomy":"product_cat","embeddable":true,"href":"https:\/\/lucacastelli.com\/de\/wp-json\/wp\/v2\/product_cat?post=555073"},{"taxonomy":"product_tag","embeddable":true,"href":"https:\/\/lucacastelli.com\/de\/wp-json\/wp\/v2\/product_tag?post=555073"}],"curies":[{"name":"wp","href":"https:\/\/api.w.org\/{rel}","templated":true}]}}