{"id":553345,"date":"2025-08-07T07:09:28","date_gmt":"2025-08-07T05:09:28","guid":{"rendered":"https:\/\/lucacastelli.com\/?post_type=product&#038;p=553345"},"modified":"2025-12-30T00:20:27","modified_gmt":"2025-12-29T23:20:27","slug":"milwaukee-ricambi-bolt100-200-3","status":"publish","type":"product","link":"https:\/\/lucacastelli.com\/de\/produkt\/milwaukee-ricambi-bolt100-200-3\/","title":{"rendered":"MILWAUKEE Ricambi BOLT\u2122100 &amp; 200"},"content":{"rendered":"<p>FASCIA ANTISUDORE ELMET BOLT 200 &#8211; 10pz<br \/>\nFodera imbottita traspirante a corona e fascia antisudore. Pezzi di ricambio, facilmente rimovibili, lavabili in lavatrice (30\u00b0C) e sostituibili&lt;br&gt; Il sottogola certificato EN397 \u00e8 per lavori a suolo ed \u00e8 codificato a colori in nero e grigio. Il sottogola certificato EN12492 \u00e8 per lavori in quota ed \u00e8 codificato a colori in nero e rosso<\/p>\n<p>4932480659<br \/>\n4058546409449<\/p>\n","protected":false},"excerpt":{"rendered":"<p>FASCIA ANTISUDORE ELMET BOLT 200 &#8211; 10pz<\/p>\n","protected":false},"featured_media":553346,"template":"","meta":{"_seopress_robots_primary_cat":"","_seopress_titles_title":"","_seopress_titles_desc":"","_seopress_robots_index":""},"product_brand":[3407],"product_cat":[33,537,815],"product_tag":[3270],"class_list":{"0":"post-553345","1":"product","2":"type-product","3":"status-publish","4":"has-post-thumbnail","6":"product_brand-milwaukee","7":"product_cat-attrezzature","8":"product_cat-attrezzatura-da-lavoro","9":"product_cat-caschi","10":"product_tag-import-milwau","11":"sws-conto-ricavi-merci-rivendita-macchinari-de","12":"sws-gruppo-iva-iva81-de","14":"first","15":"onbackorder","16":"sale","17":"shipping-taxable","18":"purchasable","19":"product-type-simple"},"_links":{"self":[{"href":"https:\/\/lucacastelli.com\/de\/wp-json\/wp\/v2\/product\/553345","targetHints":{"allow":["GET"]}}],"collection":[{"href":"https:\/\/lucacastelli.com\/de\/wp-json\/wp\/v2\/product"}],"about":[{"href":"https:\/\/lucacastelli.com\/de\/wp-json\/wp\/v2\/types\/product"}],"wp:featuredmedia":[{"embeddable":true,"href":"https:\/\/lucacastelli.com\/de\/wp-json\/wp\/v2\/media\/553346"}],"wp:attachment":[{"href":"https:\/\/lucacastelli.com\/de\/wp-json\/wp\/v2\/media?parent=553345"}],"wp:term":[{"taxonomy":"product_brand","embeddable":true,"href":"https:\/\/lucacastelli.com\/de\/wp-json\/wp\/v2\/product_brand?post=553345"},{"taxonomy":"product_cat","embeddable":true,"href":"https:\/\/lucacastelli.com\/de\/wp-json\/wp\/v2\/product_cat?post=553345"},{"taxonomy":"product_tag","embeddable":true,"href":"https:\/\/lucacastelli.com\/de\/wp-json\/wp\/v2\/product_tag?post=553345"}],"curies":[{"name":"wp","href":"https:\/\/api.w.org\/{rel}","templated":true}]}}