{"id":551106,"date":"2025-08-07T06:22:17","date_gmt":"2025-08-07T04:22:17","guid":{"rendered":"https:\/\/lucacastelli.com\/?post_type=product&#038;p=551106"},"modified":"2025-12-29T23:55:05","modified_gmt":"2025-12-29T22:55:05","slug":"milwaukee-ricevitore-laser-lineari-100-m-e-rotanti-250-m-verde-rosso","status":"publish","type":"product","link":"https:\/\/lucacastelli.com\/de\/produkt\/milwaukee-ricevitore-laser-lineari-100-m-e-rotanti-250-m-verde-rosso\/","title":{"rendered":"MILWAUKEE Ricevitore Laser lineari 100 m e rotanti 250 m verde\/rosso"},"content":{"rendered":"<p>Line\/Rotary Laser Detector red\/green<br \/>\nIl ricevitore laser MILWAUKEE\u00ae LRD100 estende la portata dei laser lineari fino a 100 metri e dei laser rotativi fino a 250 metri;Il display dei millimetri frontale e sul retro permette rapido e preciso allineamento del laser, per massima produttivit\u00e0;Versatile: funziona sia con laser verdi che con laser rossi;Linea di centraggio regolabile per configurazione pi\u00f9 efficiente;5 impostazioni di regolazione della precisione per predisporre il ricevitore per l&#8217;applicazione pi\u00f9 specifica;Fornito con 1 batteria AA ed un morsetto, ideale per aggancio ad aste, montanti, tubi o livelle;Resistenti magneti sulla parte superiore del laser permettono facile aggancio a superfici metalliche, ideale nelle installazioni dei controsoffitti;Grado di protezione IP67;Segnale audio e LED per allineamento da distante<\/p>\n<p>4932479555<br \/>\n4058546373498<\/p>\n","protected":false},"excerpt":{"rendered":"<p>Line\/Rotary Laser Detector red\/green<\/p>\n","protected":false},"featured_media":544127,"template":"","meta":{"_seopress_robots_primary_cat":"","_seopress_titles_title":"","_seopress_titles_desc":"","_seopress_robots_index":""},"product_brand":[3407],"product_cat":[29,491,514,551],"product_tag":[3270],"class_list":{"0":"post-551106","1":"product","2":"type-product","3":"status-publish","4":"has-post-thumbnail","6":"product_brand-milwaukee","7":"product_cat-macchinari","8":"product_cat-accessori-sistemi-a-batteria","9":"product_cat-altri-dispositivi","10":"product_cat-apparecchi-di-misurazione","11":"product_tag-import-milwau","12":"sws-conto-ricavi-merci-rivendita-macchinari","13":"sws-gruppo-iva-iva81","15":"first","16":"onbackorder","17":"sale","18":"shipping-taxable","19":"purchasable","20":"product-type-simple"},"_links":{"self":[{"href":"https:\/\/lucacastelli.com\/de\/wp-json\/wp\/v2\/product\/551106","targetHints":{"allow":["GET"]}}],"collection":[{"href":"https:\/\/lucacastelli.com\/de\/wp-json\/wp\/v2\/product"}],"about":[{"href":"https:\/\/lucacastelli.com\/de\/wp-json\/wp\/v2\/types\/product"}],"wp:featuredmedia":[{"embeddable":true,"href":"https:\/\/lucacastelli.com\/de\/wp-json\/wp\/v2\/media\/544127"}],"wp:attachment":[{"href":"https:\/\/lucacastelli.com\/de\/wp-json\/wp\/v2\/media?parent=551106"}],"wp:term":[{"taxonomy":"product_brand","embeddable":true,"href":"https:\/\/lucacastelli.com\/de\/wp-json\/wp\/v2\/product_brand?post=551106"},{"taxonomy":"product_cat","embeddable":true,"href":"https:\/\/lucacastelli.com\/de\/wp-json\/wp\/v2\/product_cat?post=551106"},{"taxonomy":"product_tag","embeddable":true,"href":"https:\/\/lucacastelli.com\/de\/wp-json\/wp\/v2\/product_tag?post=551106"}],"curies":[{"name":"wp","href":"https:\/\/api.w.org\/{rel}","templated":true}]}}