{"id":550744,"date":"2025-08-07T06:22:14","date_gmt":"2025-08-07T04:22:14","guid":{"rendered":"https:\/\/lucacastelli.com\/?post_type=product&#038;p=550744"},"modified":"2025-12-30T00:23:50","modified_gmt":"2025-12-29T23:23:50","slug":"milwaukee-kit-presa-e-telecomando-smart-milwaukee","status":"publish","type":"product","link":"https:\/\/lucacastelli.com\/de\/produkt\/milwaukee-kit-presa-e-telecomando-smart-milwaukee\/","title":{"rendered":"MILWAUKEE Kit Presa e Telecomando Smart MILWAUKEE\u00ae"},"content":{"rendered":"<p>RCS \/Kit presa e telecomando smart<br \/>\nLa presa e il telecomando Smart MILWAUKEE\u00ae permettono di avviare gli utensili a filo semplicemente premendo un pulsante;Compatibile con ogni utensile a batteria che utilizzi un aspiratore a filo per l&#8217;estrazione delle polveri, in modo da eliminare la necessit\u00e0 di muoversi da e verso l&#8217;aspiratore, azionandolo da remoto;Grazie alla tecnologia Bluetooth\u00ae, il telecomando si accoppia alla presa in meno di 3 secondi e ha una portata di 30 metri;Il telecomando \u00e8 fornito di un cinturino regolabile e rimovibile, per comodo aggancio al polso dell&#8217;utilizzatore o al tubo dell&#8217;aspiratore;Compatibile con tutti gli utensili a filo come aspiratori, illuminazione o compressori;ll telecomando include una pila a bottone standard, con un&#8217;autonomia superiore a 1 anno;Possibilit\u00e0 di collegare tra loro pi\u00f9 telecomandi alla stessa presa smart, per lavorare in pi\u00f9 persone senza tempi morti<\/p>\n<p>4932478965<br \/>\n4058546362478<\/p>\n","protected":false},"excerpt":{"rendered":"<p>RCS \/Kit presa e telecomando smart<\/p>\n","protected":false},"featured_media":542593,"template":"","meta":{"_seopress_robots_primary_cat":"","_seopress_titles_title":"","_seopress_titles_desc":"","_seopress_robots_index":""},"product_brand":[3407],"product_cat":[29,491,514,551],"product_tag":[3270],"class_list":{"0":"post-550744","1":"product","2":"type-product","3":"status-publish","4":"has-post-thumbnail","6":"product_brand-milwaukee","7":"product_cat-macchinari","8":"product_cat-accessori-sistemi-a-batteria","9":"product_cat-altri-dispositivi","10":"product_cat-apparecchi-di-misurazione","11":"product_tag-import-milwau","12":"sws-conto-ricavi-merci-rivendita-macchinari-de","13":"sws-gruppo-iva-iva81-de","15":"first","16":"onbackorder","17":"sale","18":"shipping-taxable","19":"purchasable","20":"product-type-simple"},"_links":{"self":[{"href":"https:\/\/lucacastelli.com\/de\/wp-json\/wp\/v2\/product\/550744","targetHints":{"allow":["GET"]}}],"collection":[{"href":"https:\/\/lucacastelli.com\/de\/wp-json\/wp\/v2\/product"}],"about":[{"href":"https:\/\/lucacastelli.com\/de\/wp-json\/wp\/v2\/types\/product"}],"wp:featuredmedia":[{"embeddable":true,"href":"https:\/\/lucacastelli.com\/de\/wp-json\/wp\/v2\/media\/542593"}],"wp:attachment":[{"href":"https:\/\/lucacastelli.com\/de\/wp-json\/wp\/v2\/media?parent=550744"}],"wp:term":[{"taxonomy":"product_brand","embeddable":true,"href":"https:\/\/lucacastelli.com\/de\/wp-json\/wp\/v2\/product_brand?post=550744"},{"taxonomy":"product_cat","embeddable":true,"href":"https:\/\/lucacastelli.com\/de\/wp-json\/wp\/v2\/product_cat?post=550744"},{"taxonomy":"product_tag","embeddable":true,"href":"https:\/\/lucacastelli.com\/de\/wp-json\/wp\/v2\/product_tag?post=550744"}],"curies":[{"name":"wp","href":"https:\/\/api.w.org\/{rel}","templated":true}]}}