{"id":549169,"date":"2025-08-06T19:09:11","date_gmt":"2025-08-06T17:09:11","guid":{"rendered":"https:\/\/lucacastelli.com\/?post_type=product&#038;p=549169"},"modified":"2025-12-30T00:16:19","modified_gmt":"2025-12-29T23:16:19","slug":"milwaukee-j18-g16","status":"publish","type":"product","link":"https:\/\/lucacastelli.com\/de\/produkt\/milwaukee-j18-g16\/","title":{"rendered":"MILWAUKEE J18-G16"},"content":{"rendered":"<p>Ganascia J18-G16 &#8211; 1 pz<br \/>\nLe ganasce per pressatrici M18\u2122 FORCE LOGIC\u2122 sono progettate per rispondere ai pi\u00f9 alti standard di qualit\u00e0 e durabilit\u00e0. Grazie alla possibilit\u00e0 di aprirle facilmente con un pollice, queste ganasce rappresentano la soluzione di pressaggio pi\u00f9 comoda e pratica<\/p>\n<p>4932464544<br \/>\n4058546224899<\/p>\n","protected":false},"excerpt":{"rendered":"<p>Ganascia J18-G16 &#8211; 1 pz<\/p>\n","protected":false},"featured_media":529358,"template":"","meta":{"_seopress_robots_primary_cat":"","_seopress_titles_title":"","_seopress_titles_desc":"","_seopress_robots_index":""},"product_brand":[3407],"product_cat":[5531,29,514],"product_tag":[3270],"class_list":{"0":"post-549169","1":"product","2":"type-product","3":"status-publish","4":"has-post-thumbnail","6":"product_brand-milwaukee","7":"product_cat-vari-macchinari-milwaukee","8":"product_cat-macchinari","9":"product_cat-altri-dispositivi","10":"product_tag-import-milwau","11":"sws-conto-ricavi-merci-rivendita-macchinari","12":"sws-gruppo-iva-iva81","14":"first","15":"onbackorder","16":"sale","17":"shipping-taxable","18":"purchasable","19":"product-type-simple"},"_links":{"self":[{"href":"https:\/\/lucacastelli.com\/de\/wp-json\/wp\/v2\/product\/549169","targetHints":{"allow":["GET"]}}],"collection":[{"href":"https:\/\/lucacastelli.com\/de\/wp-json\/wp\/v2\/product"}],"about":[{"href":"https:\/\/lucacastelli.com\/de\/wp-json\/wp\/v2\/types\/product"}],"wp:featuredmedia":[{"embeddable":true,"href":"https:\/\/lucacastelli.com\/de\/wp-json\/wp\/v2\/media\/529358"}],"wp:attachment":[{"href":"https:\/\/lucacastelli.com\/de\/wp-json\/wp\/v2\/media?parent=549169"}],"wp:term":[{"taxonomy":"product_brand","embeddable":true,"href":"https:\/\/lucacastelli.com\/de\/wp-json\/wp\/v2\/product_brand?post=549169"},{"taxonomy":"product_cat","embeddable":true,"href":"https:\/\/lucacastelli.com\/de\/wp-json\/wp\/v2\/product_cat?post=549169"},{"taxonomy":"product_tag","embeddable":true,"href":"https:\/\/lucacastelli.com\/de\/wp-json\/wp\/v2\/product_tag?post=549169"}],"curies":[{"name":"wp","href":"https:\/\/api.w.org\/{rel}","templated":true}]}}