{"id":549019,"date":"2025-08-06T19:06:45","date_gmt":"2025-08-06T17:06:45","guid":{"rendered":"https:\/\/lucacastelli.com\/?post_type=product&#038;p=549019"},"modified":"2026-01-04T17:54:20","modified_gmt":"2026-01-04T16:54:20","slug":"milwaukee-flessometro-serie-pro-compact-2","status":"publish","type":"product","link":"https:\/\/lucacastelli.com\/de\/produkt\/milwaukee-flessometro-serie-pro-compact-2\/","title":{"rendered":"MILWAUKEE Flessometro &#8211; Serie PRO COMPACT"},"content":{"rendered":"<p>FLESSOMETRO PRO COMPACT 5 m &#8211; 19mm  1pz<br \/>\nErgonomia migliorata, dimensioni pi\u00f9 compatte;Resistente alle condizioni pi\u00f9 estreme;Cassa con 5 viti di rinforzo;Nastro metallico ricoperto in nylon per una maggiore resistenza;Maggiore flessibilit\u00e0 del nastro;Resistente alle cadute fino a 3 m;Non magnetico;Numeri stampati sul nastro pi\u00f9 visibili per una migliore leggibilit\u00e0;Gancio piccolo e compatto;Supporto per facili misurazioni verticali;Dimensioni tascabili e comodo gancio per cintura<\/p>\n<p>4932459592<br \/>\n4058546027643<\/p>\n","protected":false},"excerpt":{"rendered":"<p>FLESSOMETRO PRO COMPACT 5 m &#8211; 19mm  1pz<\/p>\n","protected":false},"featured_media":528318,"template":"","meta":{"_seopress_robots_primary_cat":"","_seopress_titles_title":"","_seopress_titles_desc":"","_seopress_robots_index":""},"product_brand":[3407],"product_cat":[29,514,551],"product_tag":[3270],"class_list":{"0":"post-549019","1":"product","2":"type-product","3":"status-publish","4":"has-post-thumbnail","6":"product_brand-milwaukee","7":"product_cat-macchinari","8":"product_cat-altri-dispositivi","9":"product_cat-apparecchi-di-misurazione","10":"product_tag-import-milwau","11":"sws-conto-ricavi-merci-rivendita-macchinari","12":"sws-gruppo-iva-iva81","14":"first","15":"onbackorder","16":"shipping-taxable","17":"purchasable","18":"product-type-simple"},"_links":{"self":[{"href":"https:\/\/lucacastelli.com\/de\/wp-json\/wp\/v2\/product\/549019","targetHints":{"allow":["GET"]}}],"collection":[{"href":"https:\/\/lucacastelli.com\/de\/wp-json\/wp\/v2\/product"}],"about":[{"href":"https:\/\/lucacastelli.com\/de\/wp-json\/wp\/v2\/types\/product"}],"wp:featuredmedia":[{"embeddable":true,"href":"https:\/\/lucacastelli.com\/de\/wp-json\/wp\/v2\/media\/528318"}],"wp:attachment":[{"href":"https:\/\/lucacastelli.com\/de\/wp-json\/wp\/v2\/media?parent=549019"}],"wp:term":[{"taxonomy":"product_brand","embeddable":true,"href":"https:\/\/lucacastelli.com\/de\/wp-json\/wp\/v2\/product_brand?post=549019"},{"taxonomy":"product_cat","embeddable":true,"href":"https:\/\/lucacastelli.com\/de\/wp-json\/wp\/v2\/product_cat?post=549019"},{"taxonomy":"product_tag","embeddable":true,"href":"https:\/\/lucacastelli.com\/de\/wp-json\/wp\/v2\/product_tag?post=549019"}],"curies":[{"name":"wp","href":"https:\/\/api.w.org\/{rel}","templated":true}]}}