{"id":548925,"date":"2025-08-06T12:34:30","date_gmt":"2025-08-06T10:34:30","guid":{"rendered":"https:\/\/lucacastelli.com\/?post_type=product&#038;p=548925"},"modified":"2025-12-30T00:34:31","modified_gmt":"2025-12-29T23:34:31","slug":"milwaukee-j12-acz-20","status":"publish","type":"product","link":"https:\/\/lucacastelli.com\/de\/produkt\/milwaukee-j12-acz-20\/","title":{"rendered":"MILWAUKEE J12-ACz 20"},"content":{"rendered":"<p>Ganascia J12-Acz 20  1pz<br \/>\nLe ganasce per pressatrici M12\u2122 FORCE LOGIC\u2122 sono progettate per rispondere ai pi\u00f9 alti standard di qualit\u00e0 e durabilit\u00e0. Grazie alla possibilit\u00e0 di aprirle facilmente con un pollice, queste ganasce rappresentano la soluzione di pressaggio pi\u00f9 comoda e pratica<\/p>\n<p>4932459390<br \/>\n4058546010515<\/p>\n","protected":false},"excerpt":{"rendered":"<p>Ganascia J12-Acz 20  1pz<\/p>\n","protected":false},"featured_media":527861,"template":"","meta":{"_seopress_robots_primary_cat":"","_seopress_titles_title":"","_seopress_titles_desc":"","_seopress_robots_index":""},"product_brand":[3407],"product_cat":[514,558],"product_tag":[3270],"class_list":{"0":"post-548925","1":"product","2":"type-product","3":"status-publish","4":"has-post-thumbnail","6":"product_brand-milwaukee","7":"product_cat-altri-dispositivi","8":"product_cat-seghe-accessori-vari","9":"product_tag-import-milwau","10":"sws-conto-ricavi-merci-rivendita-macchinari","11":"sws-gruppo-iva-iva81","13":"first","14":"onbackorder","15":"sale","16":"shipping-taxable","17":"purchasable","18":"product-type-simple"},"_links":{"self":[{"href":"https:\/\/lucacastelli.com\/de\/wp-json\/wp\/v2\/product\/548925","targetHints":{"allow":["GET"]}}],"collection":[{"href":"https:\/\/lucacastelli.com\/de\/wp-json\/wp\/v2\/product"}],"about":[{"href":"https:\/\/lucacastelli.com\/de\/wp-json\/wp\/v2\/types\/product"}],"wp:featuredmedia":[{"embeddable":true,"href":"https:\/\/lucacastelli.com\/de\/wp-json\/wp\/v2\/media\/527861"}],"wp:attachment":[{"href":"https:\/\/lucacastelli.com\/de\/wp-json\/wp\/v2\/media?parent=548925"}],"wp:term":[{"taxonomy":"product_brand","embeddable":true,"href":"https:\/\/lucacastelli.com\/de\/wp-json\/wp\/v2\/product_brand?post=548925"},{"taxonomy":"product_cat","embeddable":true,"href":"https:\/\/lucacastelli.com\/de\/wp-json\/wp\/v2\/product_cat?post=548925"},{"taxonomy":"product_tag","embeddable":true,"href":"https:\/\/lucacastelli.com\/de\/wp-json\/wp\/v2\/product_tag?post=548925"}],"curies":[{"name":"wp","href":"https:\/\/api.w.org\/{rel}","templated":true}]}}