{"id":543152,"date":"2025-08-02T19:39:28","date_gmt":"2025-08-02T17:39:28","guid":{"rendered":"https:\/\/lucacastelli.com\/prodotto\/stihl-6x55l-motomix-2\/"},"modified":"2026-03-02T09:31:05","modified_gmt":"2026-03-02T08:31:05","slug":"stihl-6x55l-motomix-2","status":"publish","type":"product","link":"https:\/\/lucacastelli.com\/de\/produkt\/stihl-6x55l-motomix-2\/","title":{"rendered":"STIHL 6x55l Motomix"},"content":{"rendered":"<p>Fertiggemisch (1:50) in wiederverwendbarer Verpackung f\u00fcr alle STIHL-Motoren. Mit neuer Benzinformel und dem neuen biologisch abbaubaren Premium-\u00d6l STIHL HP Ultra. Garantiert langfristig einen sauberen Motor mit hervorragenden Schmiereigenschaften und deutlich reduzierten Schadstoffemissionen im Vergleich zu herk\u00f6mmlichen Kraftstoffen. Die originale Formulierung gew\u00e4hrleistet optimale Beschleunigung und leisen Betrieb. Die Verpackung ist f\u00fcr das STIHL-Tanksystem geeignet.    <\/p>\n<p>Wiederverwendbare Verpackung<br \/>\nPatent EP 2031043<\/p>\n<p>Inhalt: 6 mal 55 Liter = 330 Liter  <\/p>\n","protected":false},"excerpt":{"rendered":"<p>Fertiggemisch (1:50) in wiederverwendbarer Verpackung f\u00fcr alle STIHL-Motoren. Mit neuer Benzinformel und dem neuen biologisch abbaubaren Premium-\u00d6l STIHL HP Ultra.<\/p>\n","protected":false},"featured_media":543149,"template":"","meta":{"_seopress_robots_primary_cat":"","_seopress_titles_title":"STIHL Motomix: Bester Preis und sofortige Verf\u00fcgbarkeit | Lucacastelli","_seopress_titles_desc":"","_seopress_robots_index":""},"product_brand":[3366],"product_cat":[259,265],"product_tag":[],"class_list":{"0":"post-543152","1":"product","2":"type-product","3":"status-publish","4":"has-post-thumbnail","6":"product_brand-stihl","7":"product_cat-carburanti-e-olii","8":"product_cat-carburante","9":"sws-gruppo-macchinari-de","10":"sws-conto-ricavi-merci-rivendita-carburante-stihl-de","11":"sws-gruppo-iva-iva81-de","13":"first","14":"instock","15":"shipping-taxable","16":"purchasable","17":"product-type-simple"},"_links":{"self":[{"href":"https:\/\/lucacastelli.com\/de\/wp-json\/wp\/v2\/product\/543152","targetHints":{"allow":["GET"]}}],"collection":[{"href":"https:\/\/lucacastelli.com\/de\/wp-json\/wp\/v2\/product"}],"about":[{"href":"https:\/\/lucacastelli.com\/de\/wp-json\/wp\/v2\/types\/product"}],"wp:featuredmedia":[{"embeddable":true,"href":"https:\/\/lucacastelli.com\/de\/wp-json\/wp\/v2\/media\/543149"}],"wp:attachment":[{"href":"https:\/\/lucacastelli.com\/de\/wp-json\/wp\/v2\/media?parent=543152"}],"wp:term":[{"taxonomy":"product_brand","embeddable":true,"href":"https:\/\/lucacastelli.com\/de\/wp-json\/wp\/v2\/product_brand?post=543152"},{"taxonomy":"product_cat","embeddable":true,"href":"https:\/\/lucacastelli.com\/de\/wp-json\/wp\/v2\/product_cat?post=543152"},{"taxonomy":"product_tag","embeddable":true,"href":"https:\/\/lucacastelli.com\/de\/wp-json\/wp\/v2\/product_tag?post=543152"}],"curies":[{"name":"wp","href":"https:\/\/api.w.org\/{rel}","templated":true}]}}