{"id":542862,"date":"2025-08-02T19:28:17","date_gmt":"2025-08-02T17:28:17","guid":{"rendered":"https:\/\/lucacastelli.com\/prodotto\/stihl-autocut-inserto-bobina-2\/"},"modified":"2026-03-09T00:37:08","modified_gmt":"2026-03-08T23:37:08","slug":"stihl-autocut-inserto-bobina-2","status":"publish","type":"product","link":"https:\/\/lucacastelli.com\/de\/produkt\/stihl-autocut-inserto-bobina-2\/","title":{"rendered":"STIHL Autocut Spuleneinsatz"},"content":{"rendered":"<p>Die STIHL Spule erm\u00f6glicht den schnellen und einfachen Austausch der kompletten Spule eines M\u00e4hkopfes. Je nach Modell ist die Spule f\u00fcr den STIHL AutoCut 2-2 M\u00e4hkopf, den STIHL AutoCut C 3-2 M\u00e4hkopf und die STIHL FSE 31 Elektro-Motorsense geeignet. Die robuste Spule ist mit STIHL Rundfaden f\u00fcr die FSE 31 oder mit STIHL Rundfaden leise f\u00fcr die STIHL FSA 57 Akku-Motorsense, die STIHL FSE 52 Elektro-Motorsense und die STIHL FSA 56 Akku-Motorsense (nicht mehr erh\u00e4ltlich) verf\u00fcgbar.  <\/p>\n<p>Fadenschnur-Spulen f\u00fcr STIHL Elektro- und Akku-Motorsensen<br \/>\nRobuste Spule f\u00fcr STIHL Motorsensen<br \/>\nF\u00fcr AutoCut 2-2, AutoCut 3-2 und FSE 31<br \/>\nF\u00fcr private Gartenbesitzer<br \/>\nZuverl\u00e4ssige M\u00e4hfadenaufnahme<\/p>\n<p>F\u00fcr AutoCut 36-2, 46-2 und 56-2<\/p>\n","protected":false},"excerpt":{"rendered":"<p>Die STIHL Spule erm\u00f6glicht den schnellen und einfachen Austausch der kompletten Spule eines M\u00e4hkopfes. Je nach Modell ist die Spule<\/p>\n","protected":false},"featured_media":542855,"template":"","meta":{"_seopress_robots_primary_cat":"","_seopress_titles_title":"","_seopress_titles_desc":"","_seopress_robots_index":""},"product_brand":[3554],"product_cat":[1581,169,1455],"product_tag":[],"class_list":{"0":"post-542862","1":"product","2":"type-product","3":"status-publish","4":"has-post-thumbnail","6":"product_brand-stihl-de","7":"product_cat-freischneider-und-trimmer","8":"product_cat-maschinen","9":"product_cat-zubehor-und-verbrauchsmaterial-de","10":"sws-gruppo-macchinari-de","11":"sws-conto-ricavi-merci-rivendita-macchinari-de","12":"sws-gruppo-iva-iva81-de","14":"first","15":"instock","16":"shipping-taxable","17":"purchasable","18":"product-type-simple"},"_links":{"self":[{"href":"https:\/\/lucacastelli.com\/de\/wp-json\/wp\/v2\/product\/542862","targetHints":{"allow":["GET"]}}],"collection":[{"href":"https:\/\/lucacastelli.com\/de\/wp-json\/wp\/v2\/product"}],"about":[{"href":"https:\/\/lucacastelli.com\/de\/wp-json\/wp\/v2\/types\/product"}],"wp:featuredmedia":[{"embeddable":true,"href":"https:\/\/lucacastelli.com\/de\/wp-json\/wp\/v2\/media\/542855"}],"wp:attachment":[{"href":"https:\/\/lucacastelli.com\/de\/wp-json\/wp\/v2\/media?parent=542862"}],"wp:term":[{"taxonomy":"product_brand","embeddable":true,"href":"https:\/\/lucacastelli.com\/de\/wp-json\/wp\/v2\/product_brand?post=542862"},{"taxonomy":"product_cat","embeddable":true,"href":"https:\/\/lucacastelli.com\/de\/wp-json\/wp\/v2\/product_cat?post=542862"},{"taxonomy":"product_tag","embeddable":true,"href":"https:\/\/lucacastelli.com\/de\/wp-json\/wp\/v2\/product_tag?post=542862"}],"curies":[{"name":"wp","href":"https:\/\/api.w.org\/{rel}","templated":true}]}}