{"id":536204,"date":"2025-06-01T02:38:57","date_gmt":"2025-06-01T00:38:57","guid":{"rendered":"https:\/\/lucacastelli.com\/prodotto\/aluminium-keil-800g\/"},"modified":"2025-08-06T13:43:07","modified_gmt":"2025-08-06T11:43:07","slug":"aluminium-keil-800g","status":"publish","type":"product","link":"https:\/\/lucacastelli.com\/de\/produkt\/aluminium-keil-800g\/","title":{"rendered":"Aluminium-Keil, 800g"},"content":{"rendered":"<p>Hergestellt aus hochwertiger Aluminiumlegierung. Mit d\u00fcnner Schneide f\u00fcr gutes Eindringen in das Holz. Drei Ausf\u00fchrungen f\u00fcr kleine, mittlere und gro\u00dfe Stammdurchmesser. Alle Ausf\u00fchrungen haben eine R\u00fcckschlagklappe, eine zentrale Nut und eine glatte Seite zum einfachen Einf\u00fchren eines zweiten Keils in den F\u00e4llschnitt.<br \/>\n886661015306   <\/p>\n","protected":false},"excerpt":{"rendered":"<p>Aluminium-Keil, 800g<\/p>\n","protected":false},"featured_media":469240,"template":"","meta":{"_seopress_robots_primary_cat":"","_seopress_titles_title":"","_seopress_titles_desc":"","_seopress_robots_index":""},"product_brand":[3366],"product_cat":[29,484],"product_tag":[3265],"class_list":{"0":"post-536204","1":"product","2":"type-product","3":"status-publish","4":"has-post-thumbnail","6":"product_brand-stihl","7":"product_cat-macchinari","8":"product_cat-utensili-e-accessori-forestali","9":"product_tag-import-stihl","10":"sws-gruppo-macchinari-de","11":"sws-conto-ricavi-merci-rivendita-macchinari-de","12":"sws-gruppo-iva-iva81-de","14":"first","15":"onbackorder","16":"purchasable","17":"product-type-simple"},"_links":{"self":[{"href":"https:\/\/lucacastelli.com\/de\/wp-json\/wp\/v2\/product\/536204","targetHints":{"allow":["GET"]}}],"collection":[{"href":"https:\/\/lucacastelli.com\/de\/wp-json\/wp\/v2\/product"}],"about":[{"href":"https:\/\/lucacastelli.com\/de\/wp-json\/wp\/v2\/types\/product"}],"wp:featuredmedia":[{"embeddable":true,"href":"https:\/\/lucacastelli.com\/de\/wp-json\/wp\/v2\/media\/469240"}],"wp:attachment":[{"href":"https:\/\/lucacastelli.com\/de\/wp-json\/wp\/v2\/media?parent=536204"}],"wp:term":[{"taxonomy":"product_brand","embeddable":true,"href":"https:\/\/lucacastelli.com\/de\/wp-json\/wp\/v2\/product_brand?post=536204"},{"taxonomy":"product_cat","embeddable":true,"href":"https:\/\/lucacastelli.com\/de\/wp-json\/wp\/v2\/product_cat?post=536204"},{"taxonomy":"product_tag","embeddable":true,"href":"https:\/\/lucacastelli.com\/de\/wp-json\/wp\/v2\/product_tag?post=536204"}],"curies":[{"name":"wp","href":"https:\/\/api.w.org\/{rel}","templated":true}]}}