{"id":536202,"date":"2025-06-01T02:38:34","date_gmt":"2025-06-01T00:38:34","guid":{"rendered":"https:\/\/lucacastelli.com\/prodotto\/faell-und-schneidekeil-kunststoff-23cm\/"},"modified":"2025-08-06T09:54:57","modified_gmt":"2025-08-06T07:54:57","slug":"faell-und-schneidekeil-kunststoff-23cm","status":"publish","type":"product","link":"https:\/\/lucacastelli.com\/de\/produkt\/faell-und-schneidekeil-kunststoff-23cm\/","title":{"rendered":"F\u00e4ll- und Schneidekeil, Kunststoff, 23cm"},"content":{"rendered":"<p>Aus schlagfestem Polyamid mit beidseitiger Oberfl\u00e4chenstruktur f\u00fcr sicheres Einschlagen. L\u00e4nge 19 cm f\u00fcr mittlere Holzst\u00e4rken, 23 cm f\u00fcr mittlere und dicke H\u00f6lzer, 25 cm mit erh\u00f6htem Keilwinkel.<br \/>\n795711120788 <\/p>\n","protected":false},"excerpt":{"rendered":"<p>F\u00e4ll- und Schneidekeil, Kunststoff, 23cm<\/p>\n","protected":false},"featured_media":482331,"template":"","meta":{"_seopress_robots_primary_cat":"","_seopress_titles_title":"","_seopress_titles_desc":"","_seopress_robots_index":""},"product_brand":[3366],"product_cat":[29,484],"product_tag":[3265],"class_list":{"0":"post-536202","1":"product","2":"type-product","3":"status-publish","4":"has-post-thumbnail","6":"product_brand-stihl","7":"product_cat-macchinari","8":"product_cat-utensili-e-accessori-forestali","9":"product_tag-import-stihl","10":"sws-gruppo-macchinari","11":"sws-conto-ricavi-merci-rivendita-macchinari-fr","12":"sws-gruppo-iva-iva81","14":"first","15":"onbackorder","16":"purchasable","17":"product-type-simple"},"_links":{"self":[{"href":"https:\/\/lucacastelli.com\/de\/wp-json\/wp\/v2\/product\/536202","targetHints":{"allow":["GET"]}}],"collection":[{"href":"https:\/\/lucacastelli.com\/de\/wp-json\/wp\/v2\/product"}],"about":[{"href":"https:\/\/lucacastelli.com\/de\/wp-json\/wp\/v2\/types\/product"}],"wp:featuredmedia":[{"embeddable":true,"href":"https:\/\/lucacastelli.com\/de\/wp-json\/wp\/v2\/media\/482331"}],"wp:attachment":[{"href":"https:\/\/lucacastelli.com\/de\/wp-json\/wp\/v2\/media?parent=536202"}],"wp:term":[{"taxonomy":"product_brand","embeddable":true,"href":"https:\/\/lucacastelli.com\/de\/wp-json\/wp\/v2\/product_brand?post=536202"},{"taxonomy":"product_cat","embeddable":true,"href":"https:\/\/lucacastelli.com\/de\/wp-json\/wp\/v2\/product_cat?post=536202"},{"taxonomy":"product_tag","embeddable":true,"href":"https:\/\/lucacastelli.com\/de\/wp-json\/wp\/v2\/product_tag?post=536202"}],"curies":[{"name":"wp","href":"https:\/\/api.w.org\/{rel}","templated":true}]}}