{"id":536198,"date":"2025-06-01T02:36:54","date_gmt":"2025-06-01T00:36:54","guid":{"rendered":"https:\/\/lucacastelli.com\/prodotto\/astsaege-pr-33-c\/"},"modified":"2025-08-06T09:55:20","modified_gmt":"2025-08-06T07:55:20","slug":"astsaege-pr-33-c","status":"publish","type":"product","link":"https:\/\/lucacastelli.com\/de\/produkt\/astsaege-pr-33-c\/","title":{"rendered":"Asts\u00e4ge PR 33 C"},"content":{"rendered":"<p>Mit gebogenem Blatt zum S\u00e4gen ohne Druck, z. B. f\u00fcr die Baumpflege.<br \/>\n886661195169<\/p>\n<p>L\u00e4nge 33<\/p>\n","protected":false},"excerpt":{"rendered":"<p>Asts\u00e4ge PR 33 C<\/p>\n","protected":false},"featured_media":482307,"template":"","meta":{"_seopress_robots_primary_cat":"","_seopress_titles_title":"","_seopress_titles_desc":"","_seopress_robots_index":""},"product_brand":[3554],"product_cat":[169,1700],"product_tag":[3266],"class_list":{"0":"post-536198","1":"product","2":"type-product","3":"status-publish","4":"has-post-thumbnail","6":"product_brand-stihl-de","7":"product_cat-maschinen","8":"product_cat-forstwirtschaftliche-werkzeuge-und-zubehor","9":"product_tag-import-stihl-de","10":"sws-gruppo-macchinari-de","11":"sws-conto-ricavi-merci-rivendita-macchinari-de","12":"sws-gruppo-iva-iva81-de","14":"first","15":"onbackorder","16":"purchasable","17":"product-type-simple"},"_links":{"self":[{"href":"https:\/\/lucacastelli.com\/de\/wp-json\/wp\/v2\/product\/536198","targetHints":{"allow":["GET"]}}],"collection":[{"href":"https:\/\/lucacastelli.com\/de\/wp-json\/wp\/v2\/product"}],"about":[{"href":"https:\/\/lucacastelli.com\/de\/wp-json\/wp\/v2\/types\/product"}],"wp:featuredmedia":[{"embeddable":true,"href":"https:\/\/lucacastelli.com\/de\/wp-json\/wp\/v2\/media\/482307"}],"wp:attachment":[{"href":"https:\/\/lucacastelli.com\/de\/wp-json\/wp\/v2\/media?parent=536198"}],"wp:term":[{"taxonomy":"product_brand","embeddable":true,"href":"https:\/\/lucacastelli.com\/de\/wp-json\/wp\/v2\/product_brand?post=536198"},{"taxonomy":"product_cat","embeddable":true,"href":"https:\/\/lucacastelli.com\/de\/wp-json\/wp\/v2\/product_cat?post=536198"},{"taxonomy":"product_tag","embeddable":true,"href":"https:\/\/lucacastelli.com\/de\/wp-json\/wp\/v2\/product_tag?post=536198"}],"curies":[{"name":"wp","href":"https:\/\/api.w.org\/{rel}","templated":true}]}}