{"id":536197,"date":"2025-06-01T02:37:00","date_gmt":"2025-06-01T00:37:00","guid":{"rendered":"https:\/\/lucacastelli.com\/prodotto\/varioclean-5-l\/"},"modified":"2026-02-28T20:10:25","modified_gmt":"2026-02-28T19:10:25","slug":"varioclean-5-l","status":"publish","type":"product","link":"https:\/\/lucacastelli.com\/de\/produkt\/varioclean-5-l\/","title":{"rendered":"Varioclean, 5 l"},"content":{"rendered":"<p>Universalreiniger in der Spr\u00fchdose. Zum L\u00f6sen von organischen \u00d6lr\u00fcckst\u00e4nden und Reinigen von Ger\u00e4ten.<br \/>\n795711318482 <\/p>\n","protected":false},"excerpt":{"rendered":"<p>Varioclean, 5 l<\/p>\n","protected":false},"featured_media":482173,"template":"","meta":{"_seopress_robots_primary_cat":"","_seopress_titles_title":"","_seopress_titles_desc":"","_seopress_robots_index":""},"product_brand":[3366],"product_cat":[259,260],"product_tag":[3265],"class_list":{"0":"post-536197","1":"product","2":"type-product","3":"status-publish","4":"has-post-thumbnail","6":"product_brand-stihl","7":"product_cat-carburanti-e-olii","8":"product_cat-lubrificanti","9":"product_tag-import-stihl","10":"sws-gruppo-abb-libero-de","11":"sws-conto-ricavi-merci-rivendita-carburante-stihl-de","12":"sws-gruppo-iva-iva81-de","14":"first","15":"onbackorder","16":"purchasable","17":"product-type-simple"},"_links":{"self":[{"href":"https:\/\/lucacastelli.com\/de\/wp-json\/wp\/v2\/product\/536197","targetHints":{"allow":["GET"]}}],"collection":[{"href":"https:\/\/lucacastelli.com\/de\/wp-json\/wp\/v2\/product"}],"about":[{"href":"https:\/\/lucacastelli.com\/de\/wp-json\/wp\/v2\/types\/product"}],"wp:featuredmedia":[{"embeddable":true,"href":"https:\/\/lucacastelli.com\/de\/wp-json\/wp\/v2\/media\/482173"}],"wp:attachment":[{"href":"https:\/\/lucacastelli.com\/de\/wp-json\/wp\/v2\/media?parent=536197"}],"wp:term":[{"taxonomy":"product_brand","embeddable":true,"href":"https:\/\/lucacastelli.com\/de\/wp-json\/wp\/v2\/product_brand?post=536197"},{"taxonomy":"product_cat","embeddable":true,"href":"https:\/\/lucacastelli.com\/de\/wp-json\/wp\/v2\/product_cat?post=536197"},{"taxonomy":"product_tag","embeddable":true,"href":"https:\/\/lucacastelli.com\/de\/wp-json\/wp\/v2\/product_tag?post=536197"}],"curies":[{"name":"wp","href":"https:\/\/api.w.org\/{rel}","templated":true}]}}