{"id":536195,"date":"2025-06-01T02:37:07","date_gmt":"2025-06-01T00:37:07","guid":{"rendered":"https:\/\/lucacastelli.com\/prodotto\/marker-pro-rot\/"},"modified":"2025-11-16T13:31:28","modified_gmt":"2025-11-16T12:31:28","slug":"marker-pro-rot","status":"publish","type":"product","link":"https:\/\/lucacastelli.com\/de\/produkt\/marker-pro-rot\/","title":{"rendered":"Marker PRO, rot"},"content":{"rendered":"<p>Forstwirtschaftskreide zum Markieren, erh\u00e4ltlich in verschiedenen Farben. F\u00fcr trockenes oder nasses Holz. Packungen mit 12 St\u00fcck.<br \/>\n795711001964  <\/p>\n","protected":false},"excerpt":{"rendered":"<p>Marker PRO, rot<\/p>\n","protected":false},"featured_media":482169,"template":"","meta":{"_seopress_robots_primary_cat":"","_seopress_titles_title":"","_seopress_titles_desc":"","_seopress_robots_index":""},"product_brand":[3366],"product_cat":[29,484],"product_tag":[3265],"class_list":{"0":"post-536195","1":"product","2":"type-product","3":"status-publish","4":"has-post-thumbnail","6":"product_brand-stihl","7":"product_cat-macchinari","8":"product_cat-utensili-e-accessori-forestali","9":"product_tag-import-stihl","10":"sws-gruppo-abb-libero-de","11":"sws-conto-ricavi-merci-rivendita-abbigliamento-de","12":"sws-gruppo-iva-iva81-de","14":"first","15":"onbackorder","16":"purchasable","17":"product-type-simple"},"_links":{"self":[{"href":"https:\/\/lucacastelli.com\/de\/wp-json\/wp\/v2\/product\/536195","targetHints":{"allow":["GET"]}}],"collection":[{"href":"https:\/\/lucacastelli.com\/de\/wp-json\/wp\/v2\/product"}],"about":[{"href":"https:\/\/lucacastelli.com\/de\/wp-json\/wp\/v2\/types\/product"}],"wp:featuredmedia":[{"embeddable":true,"href":"https:\/\/lucacastelli.com\/de\/wp-json\/wp\/v2\/media\/482169"}],"wp:attachment":[{"href":"https:\/\/lucacastelli.com\/de\/wp-json\/wp\/v2\/media?parent=536195"}],"wp:term":[{"taxonomy":"product_brand","embeddable":true,"href":"https:\/\/lucacastelli.com\/de\/wp-json\/wp\/v2\/product_brand?post=536195"},{"taxonomy":"product_cat","embeddable":true,"href":"https:\/\/lucacastelli.com\/de\/wp-json\/wp\/v2\/product_cat?post=536195"},{"taxonomy":"product_tag","embeddable":true,"href":"https:\/\/lucacastelli.com\/de\/wp-json\/wp\/v2\/product_tag?post=536195"}],"curies":[{"name":"wp","href":"https:\/\/api.w.org\/{rel}","templated":true}]}}