{"id":536192,"date":"2025-06-01T00:54:24","date_gmt":"2025-05-31T22:54:24","guid":{"rendered":"https:\/\/lucacastelli.com\/prodotto\/deckel\/"},"modified":"2025-10-20T13:09:24","modified_gmt":"2025-10-20T11:09:24","slug":"deckel","status":"publish","type":"product","link":"https:\/\/lucacastelli.com\/de\/produkt\/deckel\/","title":{"rendered":"Deckel"},"content":{"rendered":"<p>Zum Verschlie\u00dfen des Ger\u00e4teraums des STIHL AK-Akkusystems. Sch\u00fctzt vor Staub und Schmutz bei l\u00e4ngerem Nichtgebrauch.<br \/>\n886661552771 <\/p>\n","protected":false},"excerpt":{"rendered":"<p>Deckel<\/p>\n","protected":false},"featured_media":468629,"template":"","meta":{"_seopress_robots_primary_cat":"","_seopress_titles_title":"","_seopress_titles_desc":"","_seopress_robots_index":""},"product_brand":[3554],"product_cat":[169,1449],"product_tag":[3266],"class_list":{"0":"post-536192","1":"product","2":"type-product","3":"status-publish","4":"has-post-thumbnail","6":"product_brand-stihl-de","7":"product_cat-maschinen","8":"product_cat-batteriesysteme-zubehor","9":"product_tag-import-stihl-de","10":"sws-gruppo-macchinari-de","11":"sws-conto-ricavi-merci-rivendita-macchinari-de","12":"sws-gruppo-iva-iva81-de","14":"first","15":"onbackorder","16":"purchasable","17":"product-type-simple"},"_links":{"self":[{"href":"https:\/\/lucacastelli.com\/de\/wp-json\/wp\/v2\/product\/536192","targetHints":{"allow":["GET"]}}],"collection":[{"href":"https:\/\/lucacastelli.com\/de\/wp-json\/wp\/v2\/product"}],"about":[{"href":"https:\/\/lucacastelli.com\/de\/wp-json\/wp\/v2\/types\/product"}],"wp:featuredmedia":[{"embeddable":true,"href":"https:\/\/lucacastelli.com\/de\/wp-json\/wp\/v2\/media\/468629"}],"wp:attachment":[{"href":"https:\/\/lucacastelli.com\/de\/wp-json\/wp\/v2\/media?parent=536192"}],"wp:term":[{"taxonomy":"product_brand","embeddable":true,"href":"https:\/\/lucacastelli.com\/de\/wp-json\/wp\/v2\/product_brand?post=536192"},{"taxonomy":"product_cat","embeddable":true,"href":"https:\/\/lucacastelli.com\/de\/wp-json\/wp\/v2\/product_cat?post=536192"},{"taxonomy":"product_tag","embeddable":true,"href":"https:\/\/lucacastelli.com\/de\/wp-json\/wp\/v2\/product_tag?post=536192"}],"curies":[{"name":"wp","href":"https:\/\/api.w.org\/{rel}","templated":true}]}}