{"id":536186,"date":"2025-06-01T00:39:39","date_gmt":"2025-05-31T22:39:39","guid":{"rendered":"https:\/\/lucacastelli.com\/prodotto\/satz-raeder\/"},"modified":"2025-06-01T00:39:39","modified_gmt":"2025-05-31T22:39:39","slug":"satz-raeder","status":"publish","type":"product","link":"https:\/\/lucacastelli.com\/de\/produkt\/satz-raeder\/","title":{"rendered":"Satz R\u00e4der"},"content":{"rendered":"<p>Radsatz f\u00fcr die vordere Abst\u00fctzung. Die Gehrungss\u00e4ge kann besser positioniert werden und l\u00e4sst sich dank der Leichtg\u00e4ngigkeit der R\u00e4der auf ebenen Fl\u00e4chen leichter f\u00fchren. F\u00fcr TS 410, TS 420, TS 480i, TS 500i, TS 700 und TS 800.<br \/>\n795711360634  <\/p>\n","protected":false},"excerpt":{"rendered":"<p>Satz R\u00e4der<\/p>\n","protected":false},"featured_media":468654,"template":"","meta":{"_seopress_robots_primary_cat":"","_seopress_titles_title":"","_seopress_titles_desc":"","_seopress_robots_index":""},"product_brand":[3366],"product_cat":[29,495,496],"product_tag":[3265],"class_list":{"0":"post-536186","1":"product","2":"type-product","3":"status-publish","4":"has-post-thumbnail","6":"product_brand-stihl","7":"product_cat-macchinari","8":"product_cat-troncatrici-e-mototroncatrici","9":"product_cat-troncatrici","10":"product_tag-import-stihl","11":"sws-gruppo-macchinari-de","12":"sws-conto-ricavi-merci-rivendita-macchinari-de","13":"sws-gruppo-iva-iva81-de","15":"first","16":"onbackorder","17":"purchasable","18":"product-type-simple"},"_links":{"self":[{"href":"https:\/\/lucacastelli.com\/de\/wp-json\/wp\/v2\/product\/536186","targetHints":{"allow":["GET"]}}],"collection":[{"href":"https:\/\/lucacastelli.com\/de\/wp-json\/wp\/v2\/product"}],"about":[{"href":"https:\/\/lucacastelli.com\/de\/wp-json\/wp\/v2\/types\/product"}],"wp:featuredmedia":[{"embeddable":true,"href":"https:\/\/lucacastelli.com\/de\/wp-json\/wp\/v2\/media\/468654"}],"wp:attachment":[{"href":"https:\/\/lucacastelli.com\/de\/wp-json\/wp\/v2\/media?parent=536186"}],"wp:term":[{"taxonomy":"product_brand","embeddable":true,"href":"https:\/\/lucacastelli.com\/de\/wp-json\/wp\/v2\/product_brand?post=536186"},{"taxonomy":"product_cat","embeddable":true,"href":"https:\/\/lucacastelli.com\/de\/wp-json\/wp\/v2\/product_cat?post=536186"},{"taxonomy":"product_tag","embeddable":true,"href":"https:\/\/lucacastelli.com\/de\/wp-json\/wp\/v2\/product_tag?post=536186"}],"curies":[{"name":"wp","href":"https:\/\/api.w.org\/{rel}","templated":true}]}}