{"id":536160,"date":"2025-06-01T02:36:51","date_gmt":"2025-06-01T00:36:51","guid":{"rendered":"https:\/\/lucacastelli.com\/prodotto\/pr-27-c-abzweigsaege\/"},"modified":"2026-04-10T10:59:02","modified_gmt":"2026-04-10T08:59:02","slug":"pr-27-c-abzweigsaege","status":"publish","type":"product","link":"https:\/\/lucacastelli.com\/de\/produkt\/pr-27-c-abzweigsaege\/","title":{"rendered":"PR 27 C Abzweigs\u00e4ge"},"content":{"rendered":"<p>Mit gebogenem Blatt zum S\u00e4gen ohne Druck, z.B. f\u00fcr die Baumpflege.<br \/>\n886661195176<\/p>\n<p>L\u00e4nge 27<\/p>\n","protected":false},"excerpt":{"rendered":"<p>PR 27 C Abzweigs\u00e4ge<\/p>\n","protected":false},"featured_media":482303,"template":"","meta":{"_seopress_robots_primary_cat":"","_seopress_titles_title":"","_seopress_titles_desc":"","_seopress_robots_index":""},"product_brand":[3554],"product_cat":[169,1700],"product_tag":[3266],"class_list":{"0":"post-536160","1":"product","2":"type-product","3":"status-publish","4":"has-post-thumbnail","6":"product_brand-stihl-de","7":"product_cat-maschinen","8":"product_cat-forstwirtschaftliche-werkzeuge-und-zubehor","9":"product_tag-import-stihl-de","10":"sws-gruppo-macchinari-de","11":"sws-conto-ricavi-merci-rivendita-macchinari-de","12":"sws-gruppo-iva-iva81-de","14":"first","15":"onbackorder","16":"purchasable","17":"product-type-simple"},"_links":{"self":[{"href":"https:\/\/lucacastelli.com\/de\/wp-json\/wp\/v2\/product\/536160","targetHints":{"allow":["GET"]}}],"collection":[{"href":"https:\/\/lucacastelli.com\/de\/wp-json\/wp\/v2\/product"}],"about":[{"href":"https:\/\/lucacastelli.com\/de\/wp-json\/wp\/v2\/types\/product"}],"wp:featuredmedia":[{"embeddable":true,"href":"https:\/\/lucacastelli.com\/de\/wp-json\/wp\/v2\/media\/482303"}],"wp:attachment":[{"href":"https:\/\/lucacastelli.com\/de\/wp-json\/wp\/v2\/media?parent=536160"}],"wp:term":[{"taxonomy":"product_brand","embeddable":true,"href":"https:\/\/lucacastelli.com\/de\/wp-json\/wp\/v2\/product_brand?post=536160"},{"taxonomy":"product_cat","embeddable":true,"href":"https:\/\/lucacastelli.com\/de\/wp-json\/wp\/v2\/product_cat?post=536160"},{"taxonomy":"product_tag","embeddable":true,"href":"https:\/\/lucacastelli.com\/de\/wp-json\/wp\/v2\/product_tag?post=536160"}],"curies":[{"name":"wp","href":"https:\/\/api.w.org\/{rel}","templated":true}]}}