{"id":534440,"date":"2025-06-01T02:41:58","date_gmt":"2025-06-01T00:41:58","guid":{"rendered":"https:\/\/lucacastelli.com\/prodotto\/stihl-advance-x-climb-helmset\/"},"modified":"2026-01-05T18:37:11","modified_gmt":"2026-01-05T17:37:11","slug":"stihl-advance-x-climb-helmset","status":"publish","type":"product","link":"https:\/\/lucacastelli.com\/de\/produkt\/stihl-advance-x-climb-helmset\/","title":{"rendered":"STIHL ADVANCE X-Climb Helmset"},"content":{"rendered":"<p>pDie STIHL ADVANCE X-Climb Helme mit Nylonvisier und graviertem Metallvisier bieten Profis Schutz bei Baumpflegearbeiten, insbesondere in der Krone. Sie sind auch f\u00fcr den Einsatz mit Kettens\u00e4gen am Boden zugelassen. Die hervorragende Balance der Kletterhelme garantiert ein angenehmes Tragegef\u00fchl. Dank der Weitenregulierung lassen sich die STIHL ADVANCE X-Climb Helme mit Nylonvisier und graviertem Metallvisier bequem einstellen, und die 6-Punkt-Innenstruktur bietet hohen Komfort. Gro\u00dfe Bel\u00fcftungs\u00f6ffnungen an mehreren Stellen der Helmschale reduzieren die Hitze im Helm deutlich. Dank der Reflektorstreifen und dem hohen Anteil an fluoreszierendem Orange sind Sie bei der Arbeit gut sichtbar. Der 4-Punkt-G\u00fcrtel mit selbstschlie\u00dfendem Magnetverschluss bietet eine hervorragende Passform und einfache Handhabung. Als optionales Zubeh\u00f6r sind f\u00fcr STIHL Kletterhelme ein Regenschutz, ein Set Bluetooth\u00ae Ohrkapseln oder ein Set ADVANCE ProCOM Ohrkapseln erh\u00e4ltlich. Um die Bluetooth\u00ae-Ohrkapseln am Helm zu befestigen, wird ein Adapter ben\u00f6tigt.\/ppDie ADVANCE X-Climb Helme sind als Helmset und als Schutzhelm ohne Visier und Geh\u00f6rschutz erh\u00e4ltlich. Das STIHL ADVANCE X-Climb Helmset, mit Nylonvisier und graviertem Metallvisier, verf\u00fcgt \u00fcber einen Geh\u00f6rschutz mit einem D\u00e4mmwert von SNR 28. Der Gesichtsschutz des Nylonvisiers bietet eine Lichtdurchl\u00e4ssigkeit von 55% und sorgt so f\u00fcr gute Sicht auch bei schlechten Lichtverh\u00e4ltnissen. F\u00fcr eine noch h\u00f6here Lichtdurchl\u00e4ssigkeit von bis zu 70% ist das Modell mit graviertem Metallvisier mit einem Federstahlvisier ausgestattet.\/ppDie folgenden Spezifikationen gelten f\u00fcr alle Helme der ADVANCE X-Climb Serie:\/pullsSchalenmaterial: ABS\/liliSchwei\u00dfbandmaterial: Kunstleder\/li\/ulpF\u00fcr die Helmsets ADVANCE X-Climb, mit Nylonvisier (Art.- Nr.: und mit Nylonvisier), das Helmset ADVANCE X-Climb mit Nylonvisier (Art.- Nr.: ) und das Helmset ADVANCE X-Climb mit Nylonvisier (Art.- Nr.: ).Nr.: 00008880812) und graviertem Metallvisier (Art.-Nr.: 00008880814) gelten die folgenden Normen EN:\/pulliEN 12492, EN 397, EN 352, EN 1731\/liliGeh\u00f6rschutz: SNR 28 (H: 32, M: 26, L: 16)\/li\/ulpF\u00fcr den Helm ohne Visier und Geh\u00f6rschutz (Art.-Nr.: 00008899045) gelten die folgenden Normen EN:\/pulliEN 12492, EN 397\/li\/ul<br \/>\n886661558858<\/p>\n<p>Isolationswert 28<br \/>\nH-Wert<\/p>\n<p>M Wert<br \/>\nL Wert 16<br \/>\nLichtdurchl\u00e4ssigkeit 55<\/p>\n","protected":false},"excerpt":{"rendered":"<p>ADVANCE X-Climb Helmset<\/p>\n","protected":false},"featured_media":437998,"template":"","meta":{"_seopress_robots_primary_cat":"none","_seopress_titles_title":"","_seopress_titles_desc":"","_seopress_robots_index":""},"product_brand":[3366],"product_cat":[33,537,815],"product_tag":[3265],"class_list":{"0":"post-534440","1":"product","2":"type-product","3":"status-publish","4":"has-post-thumbnail","6":"product_brand-stihl","7":"product_cat-attrezzature","8":"product_cat-attrezzatura-da-lavoro","9":"product_cat-caschi","10":"product_tag-import-stihl","11":"sws-gruppo-macchinari-de","12":"sws-conto-ricavi-merci-rivendita-macchinari-de","13":"sws-gruppo-iva-iva81-de","15":"first","16":"onbackorder","17":"sale","18":"purchasable","19":"product-type-simple"},"_links":{"self":[{"href":"https:\/\/lucacastelli.com\/de\/wp-json\/wp\/v2\/product\/534440","targetHints":{"allow":["GET"]}}],"collection":[{"href":"https:\/\/lucacastelli.com\/de\/wp-json\/wp\/v2\/product"}],"about":[{"href":"https:\/\/lucacastelli.com\/de\/wp-json\/wp\/v2\/types\/product"}],"wp:featuredmedia":[{"embeddable":true,"href":"https:\/\/lucacastelli.com\/de\/wp-json\/wp\/v2\/media\/437998"}],"wp:attachment":[{"href":"https:\/\/lucacastelli.com\/de\/wp-json\/wp\/v2\/media?parent=534440"}],"wp:term":[{"taxonomy":"product_brand","embeddable":true,"href":"https:\/\/lucacastelli.com\/de\/wp-json\/wp\/v2\/product_brand?post=534440"},{"taxonomy":"product_cat","embeddable":true,"href":"https:\/\/lucacastelli.com\/de\/wp-json\/wp\/v2\/product_cat?post=534440"},{"taxonomy":"product_tag","embeddable":true,"href":"https:\/\/lucacastelli.com\/de\/wp-json\/wp\/v2\/product_tag?post=534440"}],"curies":[{"name":"wp","href":"https:\/\/api.w.org\/{rel}","templated":true}]}}