{"id":534431,"date":"2025-06-01T02:41:38","date_gmt":"2025-06-01T00:41:38","guid":{"rendered":"https:\/\/lucacastelli.com\/prodotto\/stihl-advance-x-vent-schallschutzhelm-set\/"},"modified":"2025-06-01T02:41:38","modified_gmt":"2025-06-01T00:41:38","slug":"stihl-advance-x-vent-schallschutzhelm-set","status":"publish","type":"product","link":"https:\/\/lucacastelli.com\/de\/produkt\/stihl-advance-x-vent-schallschutzhelm-set\/","title":{"rendered":"STIHL ADVANCE X-Vent Schallschutzhelm-Set"},"content":{"rendered":"<p>pDie STIHL Helme der ADVANCE X-Vent Serie bieten Profis eine sehr gute Gewichtsverteilung und damit ein angenehmes Tragegef\u00fchl. Der Gesichtsschutz des STIHL ADVANCE X-Vent Sound Helmsets besteht aus einem Federstahlgewebe mit einer sehr hohen Lichtdurchl\u00e4ssigkeit von 75-80%. So bleibt die gute Sicht auch bei schlechten Lichtverh\u00e4ltnissen erhalten. F\u00fcr eine gute Bel\u00fcftung sorgen die im STIHL Helm verteilten \u00d6ffnungen. Dank der 6-Punkt-Innenstruktur und der Weitenverstellung l\u00e4sst sich der Schutzhelm mit nur einer Hand schnell und einfach an die Kopfform anpassen. Dieses Helmset bietet verbesserte Kommunikationsm\u00f6glichkeiten dank Bluetooth\u00ae-Ohrkapseln.\/ppAls optionales Zubeh\u00f6r f\u00fcr die STIHL ADVANCE X-Vent Sound Helme sind ein Regenschutz, eine integrierte Schutzbrille, eine Visierverl\u00e4ngerung und ein Kinnriemen erh\u00e4ltlich.\/ppF\u00fcr das ADVANCE X-Vent Sound Helmset gelten folgende Spezifikationen:\/Helmschalenmaterial: ABS\/liliSchwei\u00dfbandmaterial: Funktionsmaterial\/liliSicherheitsanforderungen: EN 352, EN 397, EN 1731\/liliGeh\u00f6rschutz: SNR 27 (H: 31, M: 24, L: 18)\/li\/ul<br \/>\n886661344635<\/p>\n<p>Isolationswert 27<br \/>\nH-Wert<\/p>\n<p>M Wert<br \/>\nL Wert 18<br \/>\nLichtdurchl\u00e4ssigkeit 85<\/p>\n","protected":false},"excerpt":{"rendered":"<p>ADVANCE X-VENT Schallschutzhelmset<\/p>\n","protected":false},"featured_media":437990,"template":"","meta":{"_seopress_robots_primary_cat":"","_seopress_titles_title":"","_seopress_titles_desc":"","_seopress_robots_index":""},"product_brand":[3366],"product_cat":[33,537,815],"product_tag":[3265],"class_list":{"0":"post-534431","1":"product","2":"type-product","3":"status-publish","4":"has-post-thumbnail","6":"product_brand-stihl","7":"product_cat-attrezzature","8":"product_cat-attrezzatura-da-lavoro","9":"product_cat-caschi","10":"product_tag-import-stihl","11":"sws-gruppo-abb-libero-de","12":"sws-conto-ricavi-merci-rivendita-abbigliamento-de","13":"sws-gruppo-iva-iva81-de","15":"first","16":"onbackorder","17":"purchasable","18":"product-type-simple"},"_links":{"self":[{"href":"https:\/\/lucacastelli.com\/de\/wp-json\/wp\/v2\/product\/534431","targetHints":{"allow":["GET"]}}],"collection":[{"href":"https:\/\/lucacastelli.com\/de\/wp-json\/wp\/v2\/product"}],"about":[{"href":"https:\/\/lucacastelli.com\/de\/wp-json\/wp\/v2\/types\/product"}],"wp:featuredmedia":[{"embeddable":true,"href":"https:\/\/lucacastelli.com\/de\/wp-json\/wp\/v2\/media\/437990"}],"wp:attachment":[{"href":"https:\/\/lucacastelli.com\/de\/wp-json\/wp\/v2\/media?parent=534431"}],"wp:term":[{"taxonomy":"product_brand","embeddable":true,"href":"https:\/\/lucacastelli.com\/de\/wp-json\/wp\/v2\/product_brand?post=534431"},{"taxonomy":"product_cat","embeddable":true,"href":"https:\/\/lucacastelli.com\/de\/wp-json\/wp\/v2\/product_cat?post=534431"},{"taxonomy":"product_tag","embeddable":true,"href":"https:\/\/lucacastelli.com\/de\/wp-json\/wp\/v2\/product_tag?post=534431"}],"curies":[{"name":"wp","href":"https:\/\/api.w.org\/{rel}","templated":true}]}}