{"id":534429,"date":"2025-06-01T02:41:56","date_gmt":"2025-06-01T00:41:56","guid":{"rendered":"https:\/\/lucacastelli.com\/prodotto\/stihl-function-basis-helmset\/"},"modified":"2026-03-29T09:43:09","modified_gmt":"2026-03-29T07:43:09","slug":"stihl-function-basis-helmset","status":"publish","type":"product","link":"https:\/\/lucacastelli.com\/de\/produkt\/stihl-function-basis-helmset\/","title":{"rendered":"STIHL FUNCTION Basis-Helmset"},"content":{"rendered":"<p>pDas STIHL FUNCTION Basic Helmset ist als Einsteigermodell f\u00fcr Gelegenheits- und Heimanwender geeignet. Dieser Helm ist mit einem strapazierf\u00e4higen Nylongewebe ausgestattet und bietet dank der Bel\u00fcftung des Helms durch Kuppeln einen hohen Tragekomfort. F\u00fcr den Einsatz bei Regen kann der Helm zus\u00e4tzlich mit einem optionalen STIHL Regen\u00fcberzug ausgestattet werden. Das STIHL FUNCTION Basic Helmset beinhaltet einen Geh\u00f6rschutz mit einer D\u00e4mmung von SNR 27 und eine 6-Punkt-Innenausstattung, mit der sich der STIHL Helm leicht an den Kopf anpassen l\u00e4sst. Die Lichtdurchl\u00e4ssigkeit des Visiers betr\u00e4gt 61%. Dieses Helmset ist mit einer Regenrinne ausgestattet.\/ppDie folgenden Spezifikationen gelten f\u00fcr das FUNCTION Basic Helmset:\/Helmschalenmaterial: HPDE\/liliSchwei\u00dfbandmaterial: Funktionsmaterial\/liliGeh\u00f6rschutz: SNR 27 (H: 29, M: 26, L: 19)\/liliSicherheitsanforderungen: EN 352, EN 397, EN 1731\/li\/ul<br \/>\n886661919154<\/p>\n<p>Isolationswert 27<br \/>\nH-Wert<\/p>\n<p>M Wert<br \/>\nL Wert 19<br \/>\nLichtdurchl\u00e4ssigkeit 55<\/p>\n","protected":false},"excerpt":{"rendered":"<p>FUNCTION Basis-Helmset<\/p>\n","protected":false},"featured_media":425488,"template":"","meta":{"_seopress_robots_primary_cat":"","_seopress_titles_title":"","_seopress_titles_desc":"","_seopress_robots_index":""},"product_brand":[3366],"product_cat":[33,537,815,816],"product_tag":[3265],"class_list":{"0":"post-534429","1":"product","2":"type-product","3":"status-publish","4":"has-post-thumbnail","6":"product_brand-stihl","7":"product_cat-attrezzature","8":"product_cat-attrezzatura-da-lavoro","9":"product_cat-caschi","10":"product_cat-visiere-e-occhiali-protettivi","11":"product_tag-import-stihl","12":"sws-gruppo-abb-libero-de","13":"sws-conto-ricavi-merci-rivendita-abbigliamento-de","14":"sws-gruppo-iva-iva81-de","16":"first","17":"onbackorder","18":"purchasable","19":"product-type-simple"},"_links":{"self":[{"href":"https:\/\/lucacastelli.com\/de\/wp-json\/wp\/v2\/product\/534429","targetHints":{"allow":["GET"]}}],"collection":[{"href":"https:\/\/lucacastelli.com\/de\/wp-json\/wp\/v2\/product"}],"about":[{"href":"https:\/\/lucacastelli.com\/de\/wp-json\/wp\/v2\/types\/product"}],"wp:featuredmedia":[{"embeddable":true,"href":"https:\/\/lucacastelli.com\/de\/wp-json\/wp\/v2\/media\/425488"}],"wp:attachment":[{"href":"https:\/\/lucacastelli.com\/de\/wp-json\/wp\/v2\/media?parent=534429"}],"wp:term":[{"taxonomy":"product_brand","embeddable":true,"href":"https:\/\/lucacastelli.com\/de\/wp-json\/wp\/v2\/product_brand?post=534429"},{"taxonomy":"product_cat","embeddable":true,"href":"https:\/\/lucacastelli.com\/de\/wp-json\/wp\/v2\/product_cat?post=534429"},{"taxonomy":"product_tag","embeddable":true,"href":"https:\/\/lucacastelli.com\/de\/wp-json\/wp\/v2\/product_tag?post=534429"}],"curies":[{"name":"wp","href":"https:\/\/api.w.org\/{rel}","templated":true}]}}