{"id":534422,"date":"2025-06-01T02:41:51","date_gmt":"2025-06-01T00:41:51","guid":{"rendered":"https:\/\/lucacastelli.com\/prodotto\/stihl-helmset-dynamic-ergo\/"},"modified":"2025-08-12T13:56:09","modified_gmt":"2025-08-12T11:56:09","slug":"stihl-helmset-dynamic-ergo","status":"publish","type":"product","link":"https:\/\/lucacastelli.com\/de\/produkt\/stihl-helmset-dynamic-ergo\/","title":{"rendered":"STIHL Helmset DYNAMIC Ergo"},"content":{"rendered":"<p>pHelmet f\u00fcr den Profi- und Hobbybereich. Optimiertes Gewicht f\u00fcr hohen Tragekomfort. Sehr guter L\u00e4rmschutz (SNR 27) Gro\u00dfes Nylonvisier f\u00fcr gute Sicht. Bel\u00fcftungs\u00f6ffnungen im oberen Teil des Helms.nbsp;\/p<br \/>\n886661858965   <\/p>\n<p>Isolationswert 27<br \/>\nH-Wert<\/p>\n<p>M Wert<br \/>\nL Wert 18<br \/>\nLichtdurchl\u00e4ssigkeit 45<\/p>\n","protected":false},"excerpt":{"rendered":"<p>Helmset DYNAMIC Ergo<\/p>\n","protected":false},"featured_media":425483,"template":"","meta":{"_seopress_robots_primary_cat":"","_seopress_titles_title":"","_seopress_titles_desc":"","_seopress_robots_index":""},"product_brand":[3366],"product_cat":[33,537,815,816],"product_tag":[3265],"class_list":{"0":"post-534422","1":"product","2":"type-product","3":"status-publish","4":"has-post-thumbnail","6":"product_brand-stihl","7":"product_cat-attrezzature","8":"product_cat-attrezzatura-da-lavoro","9":"product_cat-caschi","10":"product_cat-visiere-e-occhiali-protettivi","11":"product_tag-import-stihl","12":"sws-gruppo-abb-libero-de","13":"sws-conto-ricavi-merci-rivendita-abbigliamento-de","14":"sws-gruppo-iva-iva81-de","16":"first","17":"onbackorder","18":"purchasable","19":"product-type-simple"},"_links":{"self":[{"href":"https:\/\/lucacastelli.com\/de\/wp-json\/wp\/v2\/product\/534422","targetHints":{"allow":["GET"]}}],"collection":[{"href":"https:\/\/lucacastelli.com\/de\/wp-json\/wp\/v2\/product"}],"about":[{"href":"https:\/\/lucacastelli.com\/de\/wp-json\/wp\/v2\/types\/product"}],"wp:featuredmedia":[{"embeddable":true,"href":"https:\/\/lucacastelli.com\/de\/wp-json\/wp\/v2\/media\/425483"}],"wp:attachment":[{"href":"https:\/\/lucacastelli.com\/de\/wp-json\/wp\/v2\/media?parent=534422"}],"wp:term":[{"taxonomy":"product_brand","embeddable":true,"href":"https:\/\/lucacastelli.com\/de\/wp-json\/wp\/v2\/product_brand?post=534422"},{"taxonomy":"product_cat","embeddable":true,"href":"https:\/\/lucacastelli.com\/de\/wp-json\/wp\/v2\/product_cat?post=534422"},{"taxonomy":"product_tag","embeddable":true,"href":"https:\/\/lucacastelli.com\/de\/wp-json\/wp\/v2\/product_tag?post=534422"}],"curies":[{"name":"wp","href":"https:\/\/api.w.org\/{rel}","templated":true}]}}