{"id":534419,"date":"2025-06-01T02:41:48","date_gmt":"2025-06-01T00:41:48","guid":{"rendered":"https:\/\/lucacastelli.com\/prodotto\/stihl-dynamic-x-ergo-helmset\/"},"modified":"2025-08-12T13:56:16","modified_gmt":"2025-08-12T11:56:16","slug":"stihl-dynamic-x-ergo-helmset","status":"publish","type":"product","link":"https:\/\/lucacastelli.com\/de\/produkt\/stihl-dynamic-x-ergo-helmset\/","title":{"rendered":"STIHL DYNAMIC Ergo Helmset"},"content":{"rendered":"<p>Helm f\u00fcr den Profi- und Hobbybereich. Optimiertes Gewicht f\u00fcr hohen Komfort. Hervorragender Geh\u00f6rschutz (SNR 30). Drahtgeflecht f\u00fcr optimale Sicht. Lichtdurchl\u00e4ssigkeit: 75-80%. Ausziehbarer Schiebeb\u00fcgel mit Einrastpositionen f\u00fcr DYNAMIC Light Plus Schutzbrillen (Zubeh\u00f6r). Bel\u00fcftungs\u00f6ffnungen im oberen Teil des Helms. Entspricht den Normen EN 352, EN 397, EN 1731.<br \/>\n886661858958       <\/p>\n<p>Isolationswert 30<br \/>\nH-Wert<\/p>\n<p>M Wert<br \/>\nL Wert 20<br \/>\nLichtdurchl\u00e4ssigkeit 60<\/p>\n","protected":false},"excerpt":{"rendered":"<p>Helmset DYNAMIC Ergo<\/p>\n","protected":false},"featured_media":425479,"template":"","meta":{"_seopress_robots_primary_cat":"","_seopress_titles_title":"","_seopress_titles_desc":"","_seopress_robots_index":""},"product_brand":[3366],"product_cat":[33,537,815,816],"product_tag":[3265],"class_list":{"0":"post-534419","1":"product","2":"type-product","3":"status-publish","4":"has-post-thumbnail","6":"product_brand-stihl","7":"product_cat-attrezzature","8":"product_cat-attrezzatura-da-lavoro","9":"product_cat-caschi","10":"product_cat-visiere-e-occhiali-protettivi","11":"product_tag-import-stihl","12":"sws-gruppo-abb-libero-de","13":"sws-conto-ricavi-merci-rivendita-abbigliamento-de","14":"sws-gruppo-iva-iva81-de","16":"first","17":"onbackorder","18":"purchasable","19":"product-type-simple"},"_links":{"self":[{"href":"https:\/\/lucacastelli.com\/de\/wp-json\/wp\/v2\/product\/534419","targetHints":{"allow":["GET"]}}],"collection":[{"href":"https:\/\/lucacastelli.com\/de\/wp-json\/wp\/v2\/product"}],"about":[{"href":"https:\/\/lucacastelli.com\/de\/wp-json\/wp\/v2\/types\/product"}],"wp:featuredmedia":[{"embeddable":true,"href":"https:\/\/lucacastelli.com\/de\/wp-json\/wp\/v2\/media\/425479"}],"wp:attachment":[{"href":"https:\/\/lucacastelli.com\/de\/wp-json\/wp\/v2\/media?parent=534419"}],"wp:term":[{"taxonomy":"product_brand","embeddable":true,"href":"https:\/\/lucacastelli.com\/de\/wp-json\/wp\/v2\/product_brand?post=534419"},{"taxonomy":"product_cat","embeddable":true,"href":"https:\/\/lucacastelli.com\/de\/wp-json\/wp\/v2\/product_cat?post=534419"},{"taxonomy":"product_tag","embeddable":true,"href":"https:\/\/lucacastelli.com\/de\/wp-json\/wp\/v2\/product_tag?post=534419"}],"curies":[{"name":"wp","href":"https:\/\/api.w.org\/{rel}","templated":true}]}}