{"id":534416,"date":"2025-06-01T02:41:54","date_gmt":"2025-06-01T00:41:54","guid":{"rendered":"https:\/\/lucacastelli.com\/prodotto\/stihl-function-universal-helmset\/"},"modified":"2025-06-01T02:41:54","modified_gmt":"2025-06-01T00:41:54","slug":"stihl-function-universal-helmset","status":"publish","type":"product","link":"https:\/\/lucacastelli.com\/de\/produkt\/stihl-function-universal-helmset\/","title":{"rendered":"STIHL FUNCTION Universal-Helmset"},"content":{"rendered":"<p>pUm Kopfverletzungen bei der Arbeit mit der Kettens\u00e4ge zu vermeiden, ist die Verwendung eines Helms unerl\u00e4sslich. Visier und Ohrensch\u00fctzer aus Nylongewebe. Farbe: orange.nbsp;\/p<br \/>\n886661919147  <\/p>\n<p>Isolationswert 26<br \/>\nH-Wert<\/p>\n<p>M Wert<br \/>\nL Wert 14<br \/>\nLichtdurchl\u00e4ssigkeit 55<\/p>\n","protected":false},"excerpt":{"rendered":"<p>FUNCTION Universelles Helmset<\/p>\n","protected":false},"featured_media":425484,"template":"","meta":{"_seopress_robots_primary_cat":"","_seopress_titles_title":"","_seopress_titles_desc":"","_seopress_robots_index":""},"product_brand":[3366],"product_cat":[21,284,33,537,815,816],"product_tag":[3265],"class_list":{"0":"post-534416","1":"product","2":"type-product","3":"status-publish","4":"has-post-thumbnail","6":"product_brand-stihl","7":"product_cat-abbigliamento","8":"product_cat-abbigliamento-da-lavoro","9":"product_cat-attrezzature","10":"product_cat-attrezzatura-da-lavoro","11":"product_cat-caschi","12":"product_cat-visiere-e-occhiali-protettivi","13":"product_tag-import-stihl","14":"sws-gruppo-abb-libero-de","15":"sws-conto-ricavi-merci-rivendita-abbigliamento-de","16":"sws-gruppo-iva-iva81-de","18":"first","19":"onbackorder","20":"purchasable","21":"product-type-simple"},"_links":{"self":[{"href":"https:\/\/lucacastelli.com\/de\/wp-json\/wp\/v2\/product\/534416","targetHints":{"allow":["GET"]}}],"collection":[{"href":"https:\/\/lucacastelli.com\/de\/wp-json\/wp\/v2\/product"}],"about":[{"href":"https:\/\/lucacastelli.com\/de\/wp-json\/wp\/v2\/types\/product"}],"wp:featuredmedia":[{"embeddable":true,"href":"https:\/\/lucacastelli.com\/de\/wp-json\/wp\/v2\/media\/425484"}],"wp:attachment":[{"href":"https:\/\/lucacastelli.com\/de\/wp-json\/wp\/v2\/media?parent=534416"}],"wp:term":[{"taxonomy":"product_brand","embeddable":true,"href":"https:\/\/lucacastelli.com\/de\/wp-json\/wp\/v2\/product_brand?post=534416"},{"taxonomy":"product_cat","embeddable":true,"href":"https:\/\/lucacastelli.com\/de\/wp-json\/wp\/v2\/product_cat?post=534416"},{"taxonomy":"product_tag","embeddable":true,"href":"https:\/\/lucacastelli.com\/de\/wp-json\/wp\/v2\/product_tag?post=534416"}],"curies":[{"name":"wp","href":"https:\/\/api.w.org\/{rel}","templated":true}]}}