{"id":534393,"date":"2025-06-04T14:48:37","date_gmt":"2025-06-04T12:48:37","guid":{"rendered":"https:\/\/lucacastelli.com\/prodotto\/stihl-protect-ms-360-vollschaftstiefel\/"},"modified":"2025-06-04T14:48:37","modified_gmt":"2025-06-04T12:48:37","slug":"stihl-protect-ms-360-vollschaftstiefel","status":"publish","type":"product","link":"https:\/\/lucacastelli.com\/de\/produkt\/stihl-protect-ms-360-vollschaftstiefel\/","title":{"rendered":"STIHL Protect MS 360\u00b0 Vollschaftstiefel"},"content":{"rendered":"<p>F\u00fcr den gelegentlichen Einsatz mit Kettens\u00e4gen und verstellbar je nach<br \/>\ndem Tr\u00e4ger. Atmungsaktives Material auf der R\u00fcckseite des Oberschenkels<br \/>\n, Rei\u00dfverschluss mit Verschluss oben und glattem Innenfutter f\u00fcr<br \/>\nAnziehen und Schlie\u00dfen in Sekundenschnelle, vorgeformte Knie f\u00fcr<br \/>\nmehr Komfort. Signalorange Farbe. Verst\u00e4rkungen: 85 %<br \/>\nPolyester, 15 % Baumwolle, Obermaterial und Futter: 100 % Polyester.   <\/p>\n<p>Schnittschutzklasse 1<br \/>\nBeinschutzl\u00e4nge<\/p>\n<p>&nbsp;<\/p>\n","protected":false},"excerpt":{"rendered":"<p>F\u00fcr den gelegentlichen Einsatz mit Kettens\u00e4gen und verstellbar je nach dem Tr\u00e4ger. Atmungsaktives Material auf der R\u00fcckseite des Oberschenkels ,<\/p>\n","protected":false},"featured_media":515238,"template":"","meta":{"_seopress_robots_primary_cat":"none","_seopress_titles_title":"","_seopress_titles_desc":"","_seopress_robots_index":""},"product_brand":[3554],"product_cat":[82,1382],"product_tag":[3266],"class_list":{"0":"post-534393","1":"product","2":"type-product","3":"status-publish","4":"has-post-thumbnail","6":"product_brand-stihl-de","7":"product_cat-kleidung","8":"product_cat-arbeitskleidung","9":"product_tag-import-stihl-de","10":"sws-conto-ricavi-merci-rivendita-abbigliamento-de","11":"sws-gruppo-iva-iva81-de","13":"first","14":"instock","15":"sale","16":"shipping-taxable","17":"purchasable","18":"product-type-variable"},"_links":{"self":[{"href":"https:\/\/lucacastelli.com\/de\/wp-json\/wp\/v2\/product\/534393","targetHints":{"allow":["GET"]}}],"collection":[{"href":"https:\/\/lucacastelli.com\/de\/wp-json\/wp\/v2\/product"}],"about":[{"href":"https:\/\/lucacastelli.com\/de\/wp-json\/wp\/v2\/types\/product"}],"wp:featuredmedia":[{"embeddable":true,"href":"https:\/\/lucacastelli.com\/de\/wp-json\/wp\/v2\/media\/515238"}],"wp:attachment":[{"href":"https:\/\/lucacastelli.com\/de\/wp-json\/wp\/v2\/media?parent=534393"}],"wp:term":[{"taxonomy":"product_brand","embeddable":true,"href":"https:\/\/lucacastelli.com\/de\/wp-json\/wp\/v2\/product_brand?post=534393"},{"taxonomy":"product_cat","embeddable":true,"href":"https:\/\/lucacastelli.com\/de\/wp-json\/wp\/v2\/product_cat?post=534393"},{"taxonomy":"product_tag","embeddable":true,"href":"https:\/\/lucacastelli.com\/de\/wp-json\/wp\/v2\/product_tag?post=534393"}],"curies":[{"name":"wp","href":"https:\/\/api.w.org\/{rel}","templated":true}]}}