{"id":534388,"date":"2025-06-01T03:47:45","date_gmt":"2025-06-01T01:47:45","guid":{"rendered":"https:\/\/lucacastelli.com\/prodotto\/stihl-akku-kettensaege-fuer-kinder\/"},"modified":"2026-03-02T09:43:52","modified_gmt":"2026-03-02T08:43:52","slug":"stihl-akku-kettensaege-fuer-kinder","status":"publish","type":"product","link":"https:\/\/lucacastelli.com\/de\/produkt\/stihl-akku-kettensaege-fuer-kinder\/","title":{"rendered":"STIHL Akku-Kettens\u00e4ge f\u00fcr Kinder"},"content":{"rendered":"<p>Nach dem Relaunch kommt das batteriebetriebene Einsteigermodell f\u00fcr Kinder im Look-and-Feel der innovativen STIHL MS 500i. Sie gibt spielerisch viele Funktionen der Gro\u00dfen wieder, von der umlaufenden und austauschbaren Kette \u00fcber die LED-Betriebsanzeige bis hin zum neuen Schienendesign. Besonders elternfreundlich: Damit die Spielzeug-Motors\u00e4ge nicht zur Belastung wird, l\u00e4sst sich das S\u00e4geger\u00e4usch per Lautst\u00e4rkeregler auf ein angenehmes Ma\u00df einstellen.<br \/>\n886661692712<\/p>\n<p>Zielgruppe Kind<br \/>\nFarbe Farbe<\/p>\n<p>Zusatzfarbe Zusatzfarbe<br \/>\nZusatzfarbe Schwarz<\/p>\n","protected":false},"excerpt":{"rendered":"<p>Akku-Kettens\u00e4ge f\u00fcr Spielzeug<\/p>\n","protected":false},"featured_media":440117,"template":"","meta":{"_seopress_robots_primary_cat":"none","_seopress_titles_title":"","_seopress_titles_desc":"","_seopress_robots_index":""},"product_brand":[3554],"product_cat":[1478],"product_tag":[3266,6423],"class_list":{"0":"post-534388","1":"product","2":"type-product","3":"status-publish","4":"has-post-thumbnail","6":"product_brand-stihl-de","7":"product_cat-shop-de","8":"product_tag-import-stihl-de","9":"product_tag-spiele","10":"sws-gruppo-macchinari-de","11":"sws-conto-ricavi-merci-rivendita-macchinari-de","12":"sws-gruppo-iva-iva81-de","14":"first","15":"onbackorder","16":"featured","17":"purchasable","18":"product-type-simple"},"_links":{"self":[{"href":"https:\/\/lucacastelli.com\/de\/wp-json\/wp\/v2\/product\/534388","targetHints":{"allow":["GET"]}}],"collection":[{"href":"https:\/\/lucacastelli.com\/de\/wp-json\/wp\/v2\/product"}],"about":[{"href":"https:\/\/lucacastelli.com\/de\/wp-json\/wp\/v2\/types\/product"}],"wp:featuredmedia":[{"embeddable":true,"href":"https:\/\/lucacastelli.com\/de\/wp-json\/wp\/v2\/media\/440117"}],"wp:attachment":[{"href":"https:\/\/lucacastelli.com\/de\/wp-json\/wp\/v2\/media?parent=534388"}],"wp:term":[{"taxonomy":"product_brand","embeddable":true,"href":"https:\/\/lucacastelli.com\/de\/wp-json\/wp\/v2\/product_brand?post=534388"},{"taxonomy":"product_cat","embeddable":true,"href":"https:\/\/lucacastelli.com\/de\/wp-json\/wp\/v2\/product_cat?post=534388"},{"taxonomy":"product_tag","embeddable":true,"href":"https:\/\/lucacastelli.com\/de\/wp-json\/wp\/v2\/product_tag?post=534388"}],"curies":[{"name":"wp","href":"https:\/\/api.w.org\/{rel}","templated":true}]}}