{"id":534387,"date":"2025-06-01T03:41:15","date_gmt":"2025-06-01T01:41:15","guid":{"rendered":"https:\/\/lucacastelli.com\/prodotto\/stihl-batteriebetriebenes-spielzeuggeblaese\/"},"modified":"2026-03-02T09:45:34","modified_gmt":"2026-03-02T08:45:34","slug":"stihl-batteriebetriebenes-spielzeuggeblaese","status":"publish","type":"product","link":"https:\/\/lucacastelli.com\/de\/produkt\/stihl-batteriebetriebenes-spielzeuggeblaese\/","title":{"rendered":"STIHL Batteriebetriebenes Spielzeuggebl\u00e4se"},"content":{"rendered":"<p>Mit diesem Spielzeug-Blasger\u00e4t k\u00f6nnen auch kleine Kinder beim Laubblasen mithelfen! Das Akkuger\u00e4t verf\u00fcgt \u00fcber drei verschiedene L\u00e4ngeneinstellungen f\u00fcr das Blasrohr, das zudem komplett abnehmbar ist. Der Start-\/Stopp-Schalter und der Sicherheitsschalter spiegeln spielerisch die Funktionsweise eines professionellen Elektroger\u00e4ts wider.<br \/>\n886661508686  <\/p>\n<p>Zielgruppe Kind<br \/>\nFarbe Farbe<\/p>\n<p>Zus\u00e4tzliche Farbe Zus\u00e4tzliche Farbe<br \/>\nZus\u00e4tzliche Farbe Schwarz<\/p>\n","protected":false},"excerpt":{"rendered":"<p>Batteriebetriebenes Spielzeuggebl\u00e4se<\/p>\n","protected":false},"featured_media":427840,"template":"","meta":{"_seopress_robots_primary_cat":"none","_seopress_titles_title":"","_seopress_titles_desc":"","_seopress_robots_index":""},"product_brand":[3366],"product_cat":[1103],"product_tag":[3265,6422],"class_list":{"0":"post-534387","1":"product","2":"type-product","3":"status-publish","4":"has-post-thumbnail","6":"product_brand-stihl","7":"product_cat-shops","8":"product_tag-import-stihl","9":"product_tag-giocattoli","10":"sws-gruppo-abb-libero-de","11":"sws-conto-ricavi-merci-rivendita-abbigliamento-de","12":"sws-gruppo-iva-iva81-de","14":"first","15":"onbackorder","16":"featured","17":"purchasable","18":"product-type-simple"},"_links":{"self":[{"href":"https:\/\/lucacastelli.com\/de\/wp-json\/wp\/v2\/product\/534387","targetHints":{"allow":["GET"]}}],"collection":[{"href":"https:\/\/lucacastelli.com\/de\/wp-json\/wp\/v2\/product"}],"about":[{"href":"https:\/\/lucacastelli.com\/de\/wp-json\/wp\/v2\/types\/product"}],"wp:featuredmedia":[{"embeddable":true,"href":"https:\/\/lucacastelli.com\/de\/wp-json\/wp\/v2\/media\/427840"}],"wp:attachment":[{"href":"https:\/\/lucacastelli.com\/de\/wp-json\/wp\/v2\/media?parent=534387"}],"wp:term":[{"taxonomy":"product_brand","embeddable":true,"href":"https:\/\/lucacastelli.com\/de\/wp-json\/wp\/v2\/product_brand?post=534387"},{"taxonomy":"product_cat","embeddable":true,"href":"https:\/\/lucacastelli.com\/de\/wp-json\/wp\/v2\/product_cat?post=534387"},{"taxonomy":"product_tag","embeddable":true,"href":"https:\/\/lucacastelli.com\/de\/wp-json\/wp\/v2\/product_tag?post=534387"}],"curies":[{"name":"wp","href":"https:\/\/api.w.org\/{rel}","templated":true}]}}