{"id":534374,"date":"2025-06-01T00:43:25","date_gmt":"2025-05-31T22:43:25","guid":{"rendered":"https:\/\/lucacastelli.com\/prodotto\/stihl-br-500\/"},"modified":"2025-06-01T00:43:25","modified_gmt":"2025-05-31T22:43:25","slug":"stihl-br-500","status":"publish","type":"product","link":"https:\/\/lucacastelli.com\/de\/produkt\/stihl-br-500\/","title":{"rendered":"STIHL BR 500"},"content":{"rendered":"<p>Leistungsstarkes, ger\u00e4uscharmes Profi-Rucksackgebl\u00e4se. Ideal f\u00fcr den Einsatz in Bereichen, in denen L\u00e4rmgrenzwerte gelten. Ausgestattet mit Antivibrationssystem und ergonomischem Schultergurt f\u00fcr maximalen Komfort. Erf\u00fcllt die weltweit strengsten L\u00e4rmschutzvorschriften. Mit innovativem STIHL 4-MIX\u00ae 4-Takt-Motor, der sch\u00e4dliche Abgase reduziert, \u00fcber ein hohes Drehmoment verf\u00fcgt und einen angenehmen Klang hat.<br \/>\n886661950355    <\/p>\n<p>Verdr\u00e4ngung 64.8<br \/>\nCO2<\/p>\n<p>Ger\u00e4tegewicht<br \/>\nMax. Luftgeschwindigkeit mit Rundd\u00fcse 93,0<br \/>\nMax. Luftgeschwindigkeit mit Rundd\u00fcse 208,0<\/p>\n","protected":false},"excerpt":{"rendered":"<p>BR 500<\/p>\n","protected":false},"featured_media":430681,"template":"","meta":{"_seopress_robots_primary_cat":"","_seopress_titles_title":"","_seopress_titles_desc":"","_seopress_robots_index":""},"product_brand":[3366],"product_cat":[21],"product_tag":[3265],"class_list":{"0":"post-534374","1":"product","2":"type-product","3":"status-publish","4":"has-post-thumbnail","6":"product_brand-stihl","7":"product_cat-abbigliamento","8":"product_tag-import-stihl","9":"sws-gruppo-macchinari-de","10":"sws-conto-ricavi-merci-rivendita-macchinari-de","11":"sws-gruppo-iva-iva81-de","13":"first","14":"onbackorder","15":"purchasable","16":"product-type-simple"},"_links":{"self":[{"href":"https:\/\/lucacastelli.com\/de\/wp-json\/wp\/v2\/product\/534374","targetHints":{"allow":["GET"]}}],"collection":[{"href":"https:\/\/lucacastelli.com\/de\/wp-json\/wp\/v2\/product"}],"about":[{"href":"https:\/\/lucacastelli.com\/de\/wp-json\/wp\/v2\/types\/product"}],"wp:featuredmedia":[{"embeddable":true,"href":"https:\/\/lucacastelli.com\/de\/wp-json\/wp\/v2\/media\/430681"}],"wp:attachment":[{"href":"https:\/\/lucacastelli.com\/de\/wp-json\/wp\/v2\/media?parent=534374"}],"wp:term":[{"taxonomy":"product_brand","embeddable":true,"href":"https:\/\/lucacastelli.com\/de\/wp-json\/wp\/v2\/product_brand?post=534374"},{"taxonomy":"product_cat","embeddable":true,"href":"https:\/\/lucacastelli.com\/de\/wp-json\/wp\/v2\/product_cat?post=534374"},{"taxonomy":"product_tag","embeddable":true,"href":"https:\/\/lucacastelli.com\/de\/wp-json\/wp\/v2\/product_tag?post=534374"}],"curies":[{"name":"wp","href":"https:\/\/api.w.org\/{rel}","templated":true}]}}