{"id":534372,"date":"2025-06-01T02:39:19","date_gmt":"2025-06-01T00:39:19","guid":{"rendered":"https:\/\/lucacastelli.com\/prodotto\/stihl-ultraschall-schutzbrille-farblos\/"},"modified":"2025-06-01T02:39:19","modified_gmt":"2025-06-01T00:39:19","slug":"stihl-ultraschall-schutzbrille-farblos","status":"publish","type":"product","link":"https:\/\/lucacastelli.com\/de\/produkt\/stihl-ultraschall-schutzbrille-farblos\/","title":{"rendered":"STIHL Ultraschall-Schutzbrille, farblos"},"content":{"rendered":"<p>Die Vollsichtbrille ist in zwei Versionen erh\u00e4ltlich: Transparent und farbig. Auswechselbares Visier, Seitenscheiben mit Bel\u00fcftung, 100% UV-Schutz. Auch f\u00fcr Brillentr\u00e4ger geeignet. Geeignet f\u00fcr alle Arten von Arbeiten, insbesondere bei der Verwendung von Notfall-Kettens\u00e4gen und Trennschleifern. Entspricht der EN 166. Gewicht 81,3 g.<br \/>\n886661919253     <\/p>\n","protected":false},"excerpt":{"rendered":"<p>Ultraschall-Schutzbrille, farblos<\/p>\n","protected":false},"featured_media":425268,"template":"","meta":{"_seopress_robots_primary_cat":"","_seopress_titles_title":"","_seopress_titles_desc":"","_seopress_robots_index":""},"product_brand":[3554],"product_cat":[1396,150,1404,1411],"product_tag":[3266],"class_list":{"0":"post-534372","1":"product","2":"type-product","3":"status-publish","4":"has-post-thumbnail","6":"product_brand-stihl-de","7":"product_cat-arbeitsausrustung","8":"product_cat-ausrustung","9":"product_cat-helme","10":"product_cat-visiere-und-schutzbrillen","11":"product_tag-import-stihl-de","12":"sws-gruppo-abb-libero-de","13":"sws-conto-ricavi-merci-rivendita-abbigliamento-de","14":"sws-gruppo-iva-iva81-de","16":"first","17":"onbackorder","18":"purchasable","19":"product-type-simple"},"_links":{"self":[{"href":"https:\/\/lucacastelli.com\/de\/wp-json\/wp\/v2\/product\/534372","targetHints":{"allow":["GET"]}}],"collection":[{"href":"https:\/\/lucacastelli.com\/de\/wp-json\/wp\/v2\/product"}],"about":[{"href":"https:\/\/lucacastelli.com\/de\/wp-json\/wp\/v2\/types\/product"}],"wp:featuredmedia":[{"embeddable":true,"href":"https:\/\/lucacastelli.com\/de\/wp-json\/wp\/v2\/media\/425268"}],"wp:attachment":[{"href":"https:\/\/lucacastelli.com\/de\/wp-json\/wp\/v2\/media?parent=534372"}],"wp:term":[{"taxonomy":"product_brand","embeddable":true,"href":"https:\/\/lucacastelli.com\/de\/wp-json\/wp\/v2\/product_brand?post=534372"},{"taxonomy":"product_cat","embeddable":true,"href":"https:\/\/lucacastelli.com\/de\/wp-json\/wp\/v2\/product_cat?post=534372"},{"taxonomy":"product_tag","embeddable":true,"href":"https:\/\/lucacastelli.com\/de\/wp-json\/wp\/v2\/product_tag?post=534372"}],"curies":[{"name":"wp","href":"https:\/\/api.w.org\/{rel}","templated":true}]}}