{"id":534370,"date":"2025-06-01T02:39:18","date_gmt":"2025-06-01T00:39:18","guid":{"rendered":"https:\/\/lucacastelli.com\/prodotto\/stihl-super-otg-schutzbrille-farblos\/"},"modified":"2025-06-01T02:39:18","modified_gmt":"2025-06-01T00:39:18","slug":"stihl-super-otg-schutzbrille-farblos","status":"publish","type":"product","link":"https:\/\/lucacastelli.com\/de\/produkt\/stihl-super-otg-schutzbrille-farblos\/","title":{"rendered":"STIHL SUPER OTG Schutzbrille, farblos"},"content":{"rendered":"<p>Leichte \u00dcberbrille mit guter Seitensicht. Kratzfest auf der Innenseite und beschlagfrei auf der Au\u00dfenseite. Hoher Tragekomfort dank der flexiblen, gut sitzenden B\u00fcgel. Optimale L\u00f6sung f\u00fcr Brillentr\u00e4ger.<br \/>\n886661919192   <\/p>\n","protected":false},"excerpt":{"rendered":"<p>SUPER OTG Schutzbrille, farblos<\/p>\n","protected":false},"featured_media":425264,"template":"","meta":{"_seopress_robots_primary_cat":"","_seopress_titles_title":"","_seopress_titles_desc":"","_seopress_robots_index":""},"product_brand":[3366],"product_cat":[537,816],"product_tag":[3265],"class_list":{"0":"post-534370","1":"product","2":"type-product","3":"status-publish","4":"has-post-thumbnail","6":"product_brand-stihl","7":"product_cat-attrezzatura-da-lavoro","8":"product_cat-visiere-e-occhiali-protettivi","9":"product_tag-import-stihl","10":"sws-gruppo-abb-libero-de","11":"sws-conto-ricavi-merci-rivendita-abbigliamento-de","12":"sws-gruppo-iva-iva81-de","14":"first","15":"onbackorder","16":"purchasable","17":"product-type-simple"},"_links":{"self":[{"href":"https:\/\/lucacastelli.com\/de\/wp-json\/wp\/v2\/product\/534370","targetHints":{"allow":["GET"]}}],"collection":[{"href":"https:\/\/lucacastelli.com\/de\/wp-json\/wp\/v2\/product"}],"about":[{"href":"https:\/\/lucacastelli.com\/de\/wp-json\/wp\/v2\/types\/product"}],"wp:featuredmedia":[{"embeddable":true,"href":"https:\/\/lucacastelli.com\/de\/wp-json\/wp\/v2\/media\/425264"}],"wp:attachment":[{"href":"https:\/\/lucacastelli.com\/de\/wp-json\/wp\/v2\/media?parent=534370"}],"wp:term":[{"taxonomy":"product_brand","embeddable":true,"href":"https:\/\/lucacastelli.com\/de\/wp-json\/wp\/v2\/product_brand?post=534370"},{"taxonomy":"product_cat","embeddable":true,"href":"https:\/\/lucacastelli.com\/de\/wp-json\/wp\/v2\/product_cat?post=534370"},{"taxonomy":"product_tag","embeddable":true,"href":"https:\/\/lucacastelli.com\/de\/wp-json\/wp\/v2\/product_tag?post=534370"}],"curies":[{"name":"wp","href":"https:\/\/api.w.org\/{rel}","templated":true}]}}