{"id":534358,"date":"2025-06-01T03:41:13","date_gmt":"2025-06-01T01:41:13","guid":{"rendered":"https:\/\/lucacastelli.com\/prodotto\/stihl-spielzeug-helm\/"},"modified":"2026-03-02T09:45:38","modified_gmt":"2026-03-02T08:45:38","slug":"stihl-spielzeug-helm","status":"publish","type":"product","link":"https:\/\/lucacastelli.com\/de\/produkt\/stihl-spielzeug-helm\/","title":{"rendered":"STIHL Spielzeug-Helm"},"content":{"rendered":"<p>Originalgetreue Nachbildung des Profihelms, hochklappbares Visier, verstellbare Gr\u00f6\u00dfe, klappbare Ohrensch\u00fctzer, ideal f\u00fcr Kinder ab 3 Jahren.<br \/>\n886661869428<\/p>\n<p>Zielgruppe Kind<br \/>\nFarbe Farbe<\/p>\n<p>Zusatzfarbe Zusatzfarbe<\/p>\n","protected":false},"excerpt":{"rendered":"<p>Spielzeughelm<\/p>\n","protected":false},"featured_media":427816,"template":"","meta":{"_seopress_robots_primary_cat":"none","_seopress_titles_title":"","_seopress_titles_desc":"","_seopress_robots_index":""},"product_brand":[3366],"product_cat":[1103],"product_tag":[3265,6422],"class_list":{"0":"post-534358","1":"product","2":"type-product","3":"status-publish","4":"has-post-thumbnail","6":"product_brand-stihl","7":"product_cat-shops","8":"product_tag-import-stihl","9":"product_tag-giocattoli","10":"sws-gruppo-abb-libero-de","11":"sws-conto-ricavi-merci-rivendita-abbigliamento-de","12":"sws-gruppo-iva-iva81-de","14":"first","15":"onbackorder","16":"purchasable","17":"product-type-simple"},"_links":{"self":[{"href":"https:\/\/lucacastelli.com\/de\/wp-json\/wp\/v2\/product\/534358","targetHints":{"allow":["GET"]}}],"collection":[{"href":"https:\/\/lucacastelli.com\/de\/wp-json\/wp\/v2\/product"}],"about":[{"href":"https:\/\/lucacastelli.com\/de\/wp-json\/wp\/v2\/types\/product"}],"wp:featuredmedia":[{"embeddable":true,"href":"https:\/\/lucacastelli.com\/de\/wp-json\/wp\/v2\/media\/427816"}],"wp:attachment":[{"href":"https:\/\/lucacastelli.com\/de\/wp-json\/wp\/v2\/media?parent=534358"}],"wp:term":[{"taxonomy":"product_brand","embeddable":true,"href":"https:\/\/lucacastelli.com\/de\/wp-json\/wp\/v2\/product_brand?post=534358"},{"taxonomy":"product_cat","embeddable":true,"href":"https:\/\/lucacastelli.com\/de\/wp-json\/wp\/v2\/product_cat?post=534358"},{"taxonomy":"product_tag","embeddable":true,"href":"https:\/\/lucacastelli.com\/de\/wp-json\/wp\/v2\/product_tag?post=534358"}],"curies":[{"name":"wp","href":"https:\/\/api.w.org\/{rel}","templated":true}]}}