{"id":534356,"date":"2025-06-01T03:40:56","date_gmt":"2025-06-01T01:40:56","guid":{"rendered":"https:\/\/lucacastelli.com\/prodotto\/stihl-schluesselanhaenger-motosaege\/"},"modified":"2025-09-02T21:32:22","modified_gmt":"2025-09-02T19:32:22","slug":"stihl-schluesselanhaenger-motosaege","status":"publish","type":"product","link":"https:\/\/lucacastelli.com\/de\/produkt\/stihl-schluesselanhaenger-motosaege\/","title":{"rendered":"STIHL Schl\u00fcsselanh\u00e4nger MOTOS\u00c4GE"},"content":{"rendered":"<p>Nimm alles weg, aber nicht meine Kettens\u00e4ge! Mit diesem charakteristisch geformten Schl\u00fcsselanh\u00e4nger mit realistischen Soundeffekten haben Sie Ihr Lieblingswerkzeug immer dabei. Die STIHL Kette und der Schl\u00fcsselring sind aus vernickeltem Stahl gefertigt. Das Produkt enth\u00e4lt Knopfbatterien (austauschbar).<br \/>\n886661937042   <\/p>\n<p>Farbe Orange<br \/>\nZus\u00e4tzliche Farbe Zus\u00e4tzliche Farbe<\/p>\n<p>Zus\u00e4tzliche Farbe Zus\u00e4tzliche Farbe<\/p>\n","protected":false},"excerpt":{"rendered":"<p>Schl\u00fcsselanh\u00e4nger MOTOS\u00c4GE<\/p>\n","protected":false},"featured_media":439828,"template":"","meta":{"_seopress_robots_primary_cat":"","_seopress_titles_title":"","_seopress_titles_desc":"","_seopress_robots_index":""},"product_brand":[3366],"product_cat":[1103],"product_tag":[3265],"class_list":{"0":"post-534356","1":"product","2":"type-product","3":"status-publish","4":"has-post-thumbnail","6":"product_brand-stihl","7":"product_cat-shops","8":"product_tag-import-stihl","9":"sws-gruppo-macchinari-de","10":"sws-conto-ricavi-merci-rivendita-macchinari-de","11":"sws-gruppo-iva-iva81-de","13":"first","14":"onbackorder","15":"purchasable","16":"product-type-simple"},"_links":{"self":[{"href":"https:\/\/lucacastelli.com\/de\/wp-json\/wp\/v2\/product\/534356","targetHints":{"allow":["GET"]}}],"collection":[{"href":"https:\/\/lucacastelli.com\/de\/wp-json\/wp\/v2\/product"}],"about":[{"href":"https:\/\/lucacastelli.com\/de\/wp-json\/wp\/v2\/types\/product"}],"wp:featuredmedia":[{"embeddable":true,"href":"https:\/\/lucacastelli.com\/de\/wp-json\/wp\/v2\/media\/439828"}],"wp:attachment":[{"href":"https:\/\/lucacastelli.com\/de\/wp-json\/wp\/v2\/media?parent=534356"}],"wp:term":[{"taxonomy":"product_brand","embeddable":true,"href":"https:\/\/lucacastelli.com\/de\/wp-json\/wp\/v2\/product_brand?post=534356"},{"taxonomy":"product_cat","embeddable":true,"href":"https:\/\/lucacastelli.com\/de\/wp-json\/wp\/v2\/product_cat?post=534356"},{"taxonomy":"product_tag","embeddable":true,"href":"https:\/\/lucacastelli.com\/de\/wp-json\/wp\/v2\/product_tag?post=534356"}],"curies":[{"name":"wp","href":"https:\/\/api.w.org\/{rel}","templated":true}]}}