{"id":534344,"date":"2025-06-01T03:40:35","date_gmt":"2025-06-01T01:40:35","guid":{"rendered":"https:\/\/lucacastelli.com\/prodotto\/stihl-kettensaegen-backform\/"},"modified":"2025-06-01T03:40:35","modified_gmt":"2025-06-01T01:40:35","slug":"stihl-kettensaegen-backform","status":"publish","type":"product","link":"https:\/\/lucacastelli.com\/de\/produkt\/stihl-kettensaegen-backform\/","title":{"rendered":"STIHL Kettens\u00e4gen-Backform"},"content":{"rendered":"<p>Um M\u00e4nner zum Kochen zu verf\u00fchren. Hitzebest\u00e4ndige, lebensmittelechte Karbinium-Stahlform zum Backen von kettens\u00e4genf\u00f6rmigen Leckereien im Handumdrehen. Die Innenbeschichtung verhindert, dass das Material anbrennt. Maximale Temperatur: 220\u00b0C.<br \/>\n886661779703   <\/p>\n<p>Farbe Schwarz<\/p>\n","protected":false},"excerpt":{"rendered":"<p>Kettens\u00e4gen-Backform<\/p>\n","protected":false},"featured_media":439819,"template":"","meta":{"_seopress_robots_primary_cat":"","_seopress_titles_title":"","_seopress_titles_desc":"","_seopress_robots_index":""},"product_brand":[3366],"product_cat":[1103],"product_tag":[3265],"class_list":{"0":"post-534344","1":"product","2":"type-product","3":"status-publish","4":"has-post-thumbnail","6":"product_brand-stihl","7":"product_cat-shops","8":"product_tag-import-stihl","9":"sws-gruppo-macchinari-de","10":"sws-conto-ricavi-merci-rivendita-macchinari-de","11":"sws-gruppo-iva-iva81-de","13":"first","14":"onbackorder","15":"purchasable","16":"product-type-simple"},"_links":{"self":[{"href":"https:\/\/lucacastelli.com\/de\/wp-json\/wp\/v2\/product\/534344","targetHints":{"allow":["GET"]}}],"collection":[{"href":"https:\/\/lucacastelli.com\/de\/wp-json\/wp\/v2\/product"}],"about":[{"href":"https:\/\/lucacastelli.com\/de\/wp-json\/wp\/v2\/types\/product"}],"wp:featuredmedia":[{"embeddable":true,"href":"https:\/\/lucacastelli.com\/de\/wp-json\/wp\/v2\/media\/439819"}],"wp:attachment":[{"href":"https:\/\/lucacastelli.com\/de\/wp-json\/wp\/v2\/media?parent=534344"}],"wp:term":[{"taxonomy":"product_brand","embeddable":true,"href":"https:\/\/lucacastelli.com\/de\/wp-json\/wp\/v2\/product_brand?post=534344"},{"taxonomy":"product_cat","embeddable":true,"href":"https:\/\/lucacastelli.com\/de\/wp-json\/wp\/v2\/product_cat?post=534344"},{"taxonomy":"product_tag","embeddable":true,"href":"https:\/\/lucacastelli.com\/de\/wp-json\/wp\/v2\/product_tag?post=534344"}],"curies":[{"name":"wp","href":"https:\/\/api.w.org\/{rel}","templated":true}]}}