{"id":534339,"date":"2025-06-01T02:44:18","date_gmt":"2025-06-01T00:44:18","guid":{"rendered":"https:\/\/lucacastelli.com\/prodotto\/stihl-advance-procom-gehoerschutzkapseln\/"},"modified":"2026-04-09T01:28:30","modified_gmt":"2026-04-08T23:28:30","slug":"stihl-advance-procom-gehoerschutzkapseln","status":"publish","type":"product","link":"https:\/\/lucacastelli.com\/de\/produkt\/stihl-advance-procom-gehoerschutzkapseln\/","title":{"rendered":"STIHL ADVANCE ProCOM Geh\u00f6rschutzkapseln"},"content":{"rendered":"<p>pMit dem innovativen STIHL ADVANCE ProCOM Headset-System kommunizieren Sie bei der Arbeit auch in lauten Umgebungen bequem und effektiv, ohne ein zus\u00e4tzliches Ger\u00e4t benutzen zu m\u00fcssen. Der intelligente Geh\u00f6rschutz erm\u00f6glicht direkte Verbindungen mit bis zu 16 Headsets und eine Reichweite von bis zu 600 m. Die gute Sprachqualit\u00e4t des ADVANCE ProCOM f\u00f6rdert und sichert gerade bei anspruchsvollen Arbeiten eine klare und angenehme Kommunikation. Forst- und Baumpflege-Profis sowie Garten- und Landschaftsbauer, Bauarbeiter und ambitionierte Privatwaldbesitzer sch\u00e4tzen zudem die einfache Handhabung und die M\u00f6glichkeit, gleichzeitig zu h\u00f6ren und zu sprechen.\/p<br \/>\n886661575367<\/p>\n","protected":false},"excerpt":{"rendered":"<p>ADVANCE ProCOM Geh\u00f6rschutzkapseln<\/p>\n","protected":false},"featured_media":438048,"template":"","meta":{"_seopress_robots_primary_cat":"","_seopress_titles_title":"","_seopress_titles_desc":"","_seopress_robots_index":""},"product_brand":[3554],"product_cat":[150,1396,1404],"product_tag":[3266],"class_list":{"0":"post-534339","1":"product","2":"type-product","3":"status-publish","4":"has-post-thumbnail","6":"product_brand-stihl-de","7":"product_cat-ausrustung","8":"product_cat-arbeitsausrustung","9":"product_cat-helme","10":"product_tag-import-stihl-de","11":"sws-gruppo-macchinari-de","12":"sws-conto-ricavi-merci-rivendita-macchinari-de","13":"sws-gruppo-iva-iva81-de","15":"first","16":"onbackorder","17":"sale","18":"purchasable","19":"product-type-simple"},"_links":{"self":[{"href":"https:\/\/lucacastelli.com\/de\/wp-json\/wp\/v2\/product\/534339","targetHints":{"allow":["GET"]}}],"collection":[{"href":"https:\/\/lucacastelli.com\/de\/wp-json\/wp\/v2\/product"}],"about":[{"href":"https:\/\/lucacastelli.com\/de\/wp-json\/wp\/v2\/types\/product"}],"wp:featuredmedia":[{"embeddable":true,"href":"https:\/\/lucacastelli.com\/de\/wp-json\/wp\/v2\/media\/438048"}],"wp:attachment":[{"href":"https:\/\/lucacastelli.com\/de\/wp-json\/wp\/v2\/media?parent=534339"}],"wp:term":[{"taxonomy":"product_brand","embeddable":true,"href":"https:\/\/lucacastelli.com\/de\/wp-json\/wp\/v2\/product_brand?post=534339"},{"taxonomy":"product_cat","embeddable":true,"href":"https:\/\/lucacastelli.com\/de\/wp-json\/wp\/v2\/product_cat?post=534339"},{"taxonomy":"product_tag","embeddable":true,"href":"https:\/\/lucacastelli.com\/de\/wp-json\/wp\/v2\/product_tag?post=534339"}],"curies":[{"name":"wp","href":"https:\/\/api.w.org\/{rel}","templated":true}]}}