{"id":534315,"date":"2025-08-01T12:51:23","date_gmt":"2025-08-01T10:51:23","guid":{"rendered":"https:\/\/lucacastelli.com\/prodotto\/stihl-cintura-con-fondina-2\/"},"modified":"2025-08-01T12:51:27","modified_gmt":"2025-08-01T10:51:27","slug":"stihl-cintura-con-fondina-2","status":"publish","type":"product","link":"https:\/\/lucacastelli.com\/de\/produkt\/stihl-cintura-con-fondina-2\/","title":{"rendered":"STIHL Cintura con fondina"},"content":{"rendered":"<p>Erleichtert den Transport des gef\u00fcllten Akkuspr\u00fchers SGA 85. Bei Arbeitsunterbrechungen kann die Lanze SGA 85 im H\u00fcftg\u00fcrtelholster gesichert werden.<\/p>\n","protected":false},"excerpt":{"rendered":"<p>Erleichtert den Transport des gef\u00fcllten Akkuspr\u00fchers SGA 85. Bei Arbeitsunterbrechungen kann die Lanze SGA 85 im H\u00fcftg\u00fcrtelholster gesichert werden.<\/p>\n","protected":false},"featured_media":534297,"template":"","meta":{"_seopress_robots_primary_cat":"","_seopress_titles_title":"","_seopress_titles_desc":"","_seopress_robots_index":""},"product_brand":[3554],"product_cat":[1629,1615,1639,169,1455],"product_tag":[],"class_list":{"0":"post-534315","1":"product","2":"type-product","3":"status-publish","4":"has-post-thumbnail","6":"product_brand-stihl-de","7":"product_cat-akku-heckenscheren-und-astscheren","8":"product_cat-akku-kettensagen","9":"product_cat-kombi-und-multi-systeme","10":"product_cat-maschinen","11":"product_cat-zubehor-und-verbrauchsmaterial-de","13":"first","14":"onbackorder","15":"shipping-taxable","16":"purchasable","17":"product-type-simple"},"_links":{"self":[{"href":"https:\/\/lucacastelli.com\/de\/wp-json\/wp\/v2\/product\/534315","targetHints":{"allow":["GET"]}}],"collection":[{"href":"https:\/\/lucacastelli.com\/de\/wp-json\/wp\/v2\/product"}],"about":[{"href":"https:\/\/lucacastelli.com\/de\/wp-json\/wp\/v2\/types\/product"}],"wp:featuredmedia":[{"embeddable":true,"href":"https:\/\/lucacastelli.com\/de\/wp-json\/wp\/v2\/media\/534297"}],"wp:attachment":[{"href":"https:\/\/lucacastelli.com\/de\/wp-json\/wp\/v2\/media?parent=534315"}],"wp:term":[{"taxonomy":"product_brand","embeddable":true,"href":"https:\/\/lucacastelli.com\/de\/wp-json\/wp\/v2\/product_brand?post=534315"},{"taxonomy":"product_cat","embeddable":true,"href":"https:\/\/lucacastelli.com\/de\/wp-json\/wp\/v2\/product_cat?post=534315"},{"taxonomy":"product_tag","embeddable":true,"href":"https:\/\/lucacastelli.com\/de\/wp-json\/wp\/v2\/product_tag?post=534315"}],"curies":[{"name":"wp","href":"https:\/\/api.w.org\/{rel}","templated":true}]}}