{"id":534283,"date":"2025-08-01T12:40:26","date_gmt":"2025-08-01T10:40:26","guid":{"rendered":"https:\/\/lucacastelli.com\/prodotto\/stihl-set-per-grigliare-2\/"},"modified":"2026-02-01T17:51:54","modified_gmt":"2026-02-01T16:51:54","slug":"stihl-set-per-grigliare-2","status":"publish","type":"product","link":"https:\/\/lucacastelli.com\/de\/produkt\/stihl-set-per-grigliare-2\/","title":{"rendered":"STIHL Set per grigliare"},"content":{"rendered":"<p>Das Grillset f\u00fcr jeden TIMBERSPORTS\u00ae-Fan und f\u00fcr Fans der Grillkultur, designed in Germany: Es besteht aus Grillzange, B\u00fcrste, Drehspie\u00df mit Flaschen\u00f6ffnerfunktion und Grillspie\u00df. Nat\u00fcrlich sind die Ger\u00e4te entsprechend gebrandet: Das STIHL TIMBERSPORTS\u00ae&#8221;-Logo ist auf jeder Stange und sogar auf dem Drehspie\u00df per Lasergravur eingraviert. Das Grillset wird in einer hochwertigen Ledertasche geliefert, in der das Werkzeug optimal aufbewahrt werden kann.<\/p>\n<p>Artikel: schwarz oxidierter Edelstahl und Nylon; Verpackung: bedrucktes Lederetui<\/p>\n","protected":false},"excerpt":{"rendered":"<p>Das Grillset f\u00fcr jeden TIMBERSPORTS\u00ae-Fan und f\u00fcr Fans der Grillkultur, designed in Germany: Es besteht aus Grillzange, B\u00fcrste, Drehspie\u00df mit<\/p>\n","protected":false},"featured_media":534277,"template":"","meta":{"_seopress_robots_primary_cat":"","_seopress_titles_title":"","_seopress_titles_desc":"","_seopress_robots_index":""},"product_brand":[3366],"product_cat":[21,1103],"product_tag":[],"class_list":{"0":"post-534283","1":"product","2":"type-product","3":"status-publish","4":"has-post-thumbnail","6":"product_brand-stihl","7":"product_cat-abbigliamento","8":"product_cat-shops","10":"first","11":"onbackorder","12":"shipping-taxable","13":"purchasable","14":"product-type-simple"},"_links":{"self":[{"href":"https:\/\/lucacastelli.com\/de\/wp-json\/wp\/v2\/product\/534283","targetHints":{"allow":["GET"]}}],"collection":[{"href":"https:\/\/lucacastelli.com\/de\/wp-json\/wp\/v2\/product"}],"about":[{"href":"https:\/\/lucacastelli.com\/de\/wp-json\/wp\/v2\/types\/product"}],"wp:featuredmedia":[{"embeddable":true,"href":"https:\/\/lucacastelli.com\/de\/wp-json\/wp\/v2\/media\/534277"}],"wp:attachment":[{"href":"https:\/\/lucacastelli.com\/de\/wp-json\/wp\/v2\/media?parent=534283"}],"wp:term":[{"taxonomy":"product_brand","embeddable":true,"href":"https:\/\/lucacastelli.com\/de\/wp-json\/wp\/v2\/product_brand?post=534283"},{"taxonomy":"product_cat","embeddable":true,"href":"https:\/\/lucacastelli.com\/de\/wp-json\/wp\/v2\/product_cat?post=534283"},{"taxonomy":"product_tag","embeddable":true,"href":"https:\/\/lucacastelli.com\/de\/wp-json\/wp\/v2\/product_tag?post=534283"}],"curies":[{"name":"wp","href":"https:\/\/api.w.org\/{rel}","templated":true}]}}