{"id":534259,"date":"2025-08-01T12:39:55","date_gmt":"2025-08-01T10:39:55","guid":{"rendered":"https:\/\/lucacastelli.com\/prodotto\/stihl-apribottiglie-da-parete-contra-2\/"},"modified":"2025-08-01T12:39:59","modified_gmt":"2025-08-01T10:39:59","slug":"stihl-apribottiglie-da-parete-contra-2","status":"publish","type":"product","link":"https:\/\/lucacastelli.com\/de\/produkt\/stihl-apribottiglie-da-parete-contra-2\/","title":{"rendered":"STIHL Apribottiglie da parete CONTRA"},"content":{"rendered":"<p>Ein Muss in jeder Werkstatt: der hochwertige Wandflaschen\u00f6ffner im Stil des legend\u00e4ren STIHL CONTRA! Der gusseiserne Flaschen\u00f6ffner ist zudem mit einem hochwertigen STIHL Emblem versehen. So kann jede Flasche stilvoll ge\u00f6ffnet werden und dem anschlie\u00dfenden Genuss steht nichts im Wege.<\/p>\n<p>Material: Gusseisen, Zinklegierung (Emblem)<\/p>\n","protected":false},"excerpt":{"rendered":"<p>Ein Muss in jeder Werkstatt: der hochwertige Wandflaschen\u00f6ffner im Stil des legend\u00e4ren STIHL CONTRA! Der gusseiserne Flaschen\u00f6ffner ist zudem mit<\/p>\n","protected":false},"featured_media":534253,"template":"","meta":{"_seopress_robots_primary_cat":"","_seopress_titles_title":"","_seopress_titles_desc":"","_seopress_robots_index":""},"product_brand":[3366],"product_cat":[21,1103],"product_tag":[],"class_list":{"0":"post-534259","1":"product","2":"type-product","3":"status-publish","4":"has-post-thumbnail","6":"product_brand-stihl","7":"product_cat-abbigliamento","8":"product_cat-shops","10":"first","11":"onbackorder","12":"shipping-taxable","13":"purchasable","14":"product-type-simple"},"_links":{"self":[{"href":"https:\/\/lucacastelli.com\/de\/wp-json\/wp\/v2\/product\/534259","targetHints":{"allow":["GET"]}}],"collection":[{"href":"https:\/\/lucacastelli.com\/de\/wp-json\/wp\/v2\/product"}],"about":[{"href":"https:\/\/lucacastelli.com\/de\/wp-json\/wp\/v2\/types\/product"}],"wp:featuredmedia":[{"embeddable":true,"href":"https:\/\/lucacastelli.com\/de\/wp-json\/wp\/v2\/media\/534253"}],"wp:attachment":[{"href":"https:\/\/lucacastelli.com\/de\/wp-json\/wp\/v2\/media?parent=534259"}],"wp:term":[{"taxonomy":"product_brand","embeddable":true,"href":"https:\/\/lucacastelli.com\/de\/wp-json\/wp\/v2\/product_brand?post=534259"},{"taxonomy":"product_cat","embeddable":true,"href":"https:\/\/lucacastelli.com\/de\/wp-json\/wp\/v2\/product_cat?post=534259"},{"taxonomy":"product_tag","embeddable":true,"href":"https:\/\/lucacastelli.com\/de\/wp-json\/wp\/v2\/product_tag?post=534259"}],"curies":[{"name":"wp","href":"https:\/\/api.w.org\/{rel}","templated":true}]}}