{"id":534251,"date":"2025-08-01T12:39:44","date_gmt":"2025-08-01T10:39:44","guid":{"rendered":"https:\/\/lucacastelli.com\/prodotto\/stihl-globo-di-neve-motosega-ms500i-2\/"},"modified":"2025-08-01T12:39:49","modified_gmt":"2025-08-01T10:39:49","slug":"stihl-globo-di-neve-motosega-ms500i-2","status":"publish","type":"product","link":"https:\/\/lucacastelli.com\/de\/produkt\/stihl-globo-di-neve-motosega-ms500i-2\/","title":{"rendered":"STIHL Globo di neve Motosega MS500i"},"content":{"rendered":"<p>Leise rieseln die S\u00e4gesp\u00e4ne&#8230; Dieses Lied k\u00f6nnte eingefleischten STIHL Fans in den Sinn kommen, wenn sie diese \u201eSchneekugel\u201c sch\u00fctteln und dann S\u00e4gesp\u00e4ne statt Schnee durch die Luft wirbeln. In der Kugel befinden sich zwei Nadelb\u00e4ume sowie ein Baumstumpf, in dem die STIHL MS500i nach getaner Arbeit steckt. Ein sch\u00f6nes Accessoire f\u00fcr alle, in deren Adern oranges Blut flie\u00dft.<\/p>\n","protected":false},"excerpt":{"rendered":"<p>Leise rieseln die S\u00e4gesp\u00e4ne&#8230; Dieses Lied k\u00f6nnte eingefleischten STIHL Fans in den Sinn kommen, wenn sie diese \u201eSchneekugel\u201c sch\u00fctteln und<\/p>\n","protected":false},"featured_media":534245,"template":"","meta":{"_seopress_robots_primary_cat":"","_seopress_titles_title":"","_seopress_titles_desc":"","_seopress_robots_index":""},"product_brand":[3366],"product_cat":[21,1103],"product_tag":[],"class_list":{"0":"post-534251","1":"product","2":"type-product","3":"status-publish","4":"has-post-thumbnail","6":"product_brand-stihl","7":"product_cat-abbigliamento","8":"product_cat-shops","10":"first","11":"onbackorder","12":"shipping-taxable","13":"purchasable","14":"product-type-simple"},"_links":{"self":[{"href":"https:\/\/lucacastelli.com\/de\/wp-json\/wp\/v2\/product\/534251","targetHints":{"allow":["GET"]}}],"collection":[{"href":"https:\/\/lucacastelli.com\/de\/wp-json\/wp\/v2\/product"}],"about":[{"href":"https:\/\/lucacastelli.com\/de\/wp-json\/wp\/v2\/types\/product"}],"wp:featuredmedia":[{"embeddable":true,"href":"https:\/\/lucacastelli.com\/de\/wp-json\/wp\/v2\/media\/534245"}],"wp:attachment":[{"href":"https:\/\/lucacastelli.com\/de\/wp-json\/wp\/v2\/media?parent=534251"}],"wp:term":[{"taxonomy":"product_brand","embeddable":true,"href":"https:\/\/lucacastelli.com\/de\/wp-json\/wp\/v2\/product_brand?post=534251"},{"taxonomy":"product_cat","embeddable":true,"href":"https:\/\/lucacastelli.com\/de\/wp-json\/wp\/v2\/product_cat?post=534251"},{"taxonomy":"product_tag","embeddable":true,"href":"https:\/\/lucacastelli.com\/de\/wp-json\/wp\/v2\/product_tag?post=534251"}],"curies":[{"name":"wp","href":"https:\/\/api.w.org\/{rel}","templated":true}]}}