{"id":534243,"date":"2025-08-01T12:39:30","date_gmt":"2025-08-01T10:39:30","guid":{"rendered":"https:\/\/lucacastelli.com\/prodotto\/stihl-coppola-newsboy-cap-2\/"},"modified":"2025-08-01T12:40:52","modified_gmt":"2025-08-01T10:40:52","slug":"stihl-coppola-newsboy-cap-2","status":"publish","type":"product","link":"https:\/\/lucacastelli.com\/de\/produkt\/stihl-coppola-newsboy-cap-2\/","title":{"rendered":"STIHL Coppola Newsboy Cap"},"content":{"rendered":"<p>F\u00fcr K\u00f6pfe mit Charakter! Fr\u00fcher ein Must-Have, heute ein tolles Accessoire f\u00fcr einen individuellen Look. Die M\u00fctze mit dem historischen STIHL Logo auf dem Echtleder-Badge auf der R\u00fcckseite ist ein echter Klassiker. Der Materialmix garantiert einen hohen Tragekomfort. Die Kappe l\u00e4sst sich zusammenfalten und in jeder Tasche mitnehmen. Sie ist also immer dabei!<\/p>\n","protected":false},"excerpt":{"rendered":"<p>F\u00fcr K\u00f6pfe mit Charakter! Fr\u00fcher ein Must-Have, heute ein tolles Accessoire f\u00fcr einen individuellen Look. Die M\u00fctze mit dem historischen<\/p>\n","protected":false},"featured_media":534237,"template":"","meta":{"_seopress_robots_primary_cat":"","_seopress_titles_title":"","_seopress_titles_desc":"","_seopress_robots_index":""},"product_brand":[3366],"product_cat":[189,186,1103],"product_tag":[],"class_list":{"0":"post-534243","1":"product","2":"type-product","3":"status-publish","4":"has-post-thumbnail","6":"product_brand-stihl","7":"product_cat-abbigliamento-per-il-tempo-libero","8":"product_cat-accessori-per-labbigliamento","9":"product_cat-shops","10":"sws-gruppo-abb-libero-de","11":"sws-conto-ricavi-merci-rivendita-abbigliamento-de","12":"sws-gruppo-iva-iva81-de","14":"first","15":"instock","16":"shipping-taxable","17":"product-type-variable"},"_links":{"self":[{"href":"https:\/\/lucacastelli.com\/de\/wp-json\/wp\/v2\/product\/534243","targetHints":{"allow":["GET"]}}],"collection":[{"href":"https:\/\/lucacastelli.com\/de\/wp-json\/wp\/v2\/product"}],"about":[{"href":"https:\/\/lucacastelli.com\/de\/wp-json\/wp\/v2\/types\/product"}],"wp:featuredmedia":[{"embeddable":true,"href":"https:\/\/lucacastelli.com\/de\/wp-json\/wp\/v2\/media\/534237"}],"wp:attachment":[{"href":"https:\/\/lucacastelli.com\/de\/wp-json\/wp\/v2\/media?parent=534243"}],"wp:term":[{"taxonomy":"product_brand","embeddable":true,"href":"https:\/\/lucacastelli.com\/de\/wp-json\/wp\/v2\/product_brand?post=534243"},{"taxonomy":"product_cat","embeddable":true,"href":"https:\/\/lucacastelli.com\/de\/wp-json\/wp\/v2\/product_cat?post=534243"},{"taxonomy":"product_tag","embeddable":true,"href":"https:\/\/lucacastelli.com\/de\/wp-json\/wp\/v2\/product_tag?post=534243"}],"curies":[{"name":"wp","href":"https:\/\/api.w.org\/{rel}","templated":true}]}}