{"id":534196,"date":"2025-08-01T12:27:49","date_gmt":"2025-08-01T10:27:49","guid":{"rendered":"https:\/\/lucacastelli.com\/prodotto\/stihl-contenitore-per-alimenti-motosega-2\/"},"modified":"2025-08-01T12:27:54","modified_gmt":"2025-08-01T10:27:54","slug":"stihl-contenitore-per-alimenti-motosega-2","status":"publish","type":"product","link":"https:\/\/lucacastelli.com\/de\/produkt\/stihl-contenitore-per-alimenti-motosega-2\/","title":{"rendered":"STIHL Contenitore per alimenti Motosega"},"content":{"rendered":"<p>Nachhaltige Brotdose f\u00fcr Kinder von Koziol. Warum nachhaltig? Diese Brotdose besteht aus synthetischem Thermoplast und nat\u00fcrlichem Zellstoff. Das abgerundete Design vermeidet l\u00e4stige Beulen in der Schultasche. Auf dem Deckel der orangefarbenen Box sind das STIHL Logo und eine Kettens\u00e4ge eingepr\u00e4gt.<\/p>\n<p>Material: Synthetischer Thermoplast und nat\u00fcrlicher Holzzellstoff<\/p>\n<p>Ma\u00dfe: ca. 15 x 11 x 6 cm<\/p>\n","protected":false},"excerpt":{"rendered":"<p>Nachhaltige Brotdose f\u00fcr Kinder von Koziol. Warum nachhaltig? Diese Brotdose besteht aus synthetischem Thermoplast und nat\u00fcrlichem Zellstoff. Das abgerundete Design<\/p>\n","protected":false},"featured_media":534189,"template":"","meta":{"_seopress_robots_primary_cat":"","_seopress_titles_title":"","_seopress_titles_desc":"","_seopress_robots_index":""},"product_brand":[3366],"product_cat":[21,1103],"product_tag":[],"class_list":{"0":"post-534196","1":"product","2":"type-product","3":"status-publish","4":"has-post-thumbnail","6":"product_brand-stihl","7":"product_cat-abbigliamento","8":"product_cat-shops","10":"first","11":"onbackorder","12":"shipping-taxable","13":"purchasable","14":"product-type-simple"},"_links":{"self":[{"href":"https:\/\/lucacastelli.com\/de\/wp-json\/wp\/v2\/product\/534196","targetHints":{"allow":["GET"]}}],"collection":[{"href":"https:\/\/lucacastelli.com\/de\/wp-json\/wp\/v2\/product"}],"about":[{"href":"https:\/\/lucacastelli.com\/de\/wp-json\/wp\/v2\/types\/product"}],"wp:featuredmedia":[{"embeddable":true,"href":"https:\/\/lucacastelli.com\/de\/wp-json\/wp\/v2\/media\/534189"}],"wp:attachment":[{"href":"https:\/\/lucacastelli.com\/de\/wp-json\/wp\/v2\/media?parent=534196"}],"wp:term":[{"taxonomy":"product_brand","embeddable":true,"href":"https:\/\/lucacastelli.com\/de\/wp-json\/wp\/v2\/product_brand?post=534196"},{"taxonomy":"product_cat","embeddable":true,"href":"https:\/\/lucacastelli.com\/de\/wp-json\/wp\/v2\/product_cat?post=534196"},{"taxonomy":"product_tag","embeddable":true,"href":"https:\/\/lucacastelli.com\/de\/wp-json\/wp\/v2\/product_tag?post=534196"}],"curies":[{"name":"wp","href":"https:\/\/api.w.org\/{rel}","templated":true}]}}