{"id":534059,"date":"2025-08-01T12:16:52","date_gmt":"2025-08-01T10:16:52","guid":{"rendered":"https:\/\/lucacastelli.com\/prodotto\/stihl-banco-da-lavoro-in-legno-2\/"},"modified":"2025-08-01T12:16:56","modified_gmt":"2025-08-01T10:16:56","slug":"stihl-banco-da-lavoro-in-legno-2","status":"publish","type":"product","link":"https:\/\/lucacastelli.com\/de\/produkt\/stihl-banco-da-lavoro-in-legno-2\/","title":{"rendered":"STIHL Banco da lavoro in legno"},"content":{"rendered":"<p>Fangt bald an zu proben! Und was k\u00f6nnte mehr Spa\u00df machen als diese STIHL Kinderwerkbank mit Liebe zum Detail? Die Werkbank ist aus Holz gefertigt und wird bereits mit Holzwerkzeugen geliefert. Au\u00dferdem gibt es Halterungen f\u00fcr das gesamte STIHL Werkzeugsortiment f\u00fcr Kinder: Kettens\u00e4ge, Laubbl\u00e4ser, Motorsense, Helm und Handschuhe finden ihren Platz. Die FSC-zertifizierte Werkbank bietet eine ausreichende Arbeitsfl\u00e4che f\u00fcr die gro\u00dfen Projekte der Kleinen.<\/p>\n<p>Material: FSC-zertifiziertes Kiefernholz und MDF<\/p>\n","protected":false},"excerpt":{"rendered":"<p>Fangt bald an zu proben! Und was k\u00f6nnte mehr Spa\u00df machen als diese STIHL Kinderwerkbank mit Liebe zum Detail? Die<\/p>\n","protected":false},"featured_media":534052,"template":"","meta":{"_seopress_robots_primary_cat":"","_seopress_titles_title":"","_seopress_titles_desc":"","_seopress_robots_index":""},"product_brand":[3366],"product_cat":[21,1103],"product_tag":[],"class_list":{"0":"post-534059","1":"product","2":"type-product","3":"status-publish","4":"has-post-thumbnail","6":"product_brand-stihl","7":"product_cat-abbigliamento","8":"product_cat-shops","10":"first","11":"onbackorder","12":"shipping-taxable","13":"purchasable","14":"product-type-simple"},"_links":{"self":[{"href":"https:\/\/lucacastelli.com\/de\/wp-json\/wp\/v2\/product\/534059","targetHints":{"allow":["GET"]}}],"collection":[{"href":"https:\/\/lucacastelli.com\/de\/wp-json\/wp\/v2\/product"}],"about":[{"href":"https:\/\/lucacastelli.com\/de\/wp-json\/wp\/v2\/types\/product"}],"wp:featuredmedia":[{"embeddable":true,"href":"https:\/\/lucacastelli.com\/de\/wp-json\/wp\/v2\/media\/534052"}],"wp:attachment":[{"href":"https:\/\/lucacastelli.com\/de\/wp-json\/wp\/v2\/media?parent=534059"}],"wp:term":[{"taxonomy":"product_brand","embeddable":true,"href":"https:\/\/lucacastelli.com\/de\/wp-json\/wp\/v2\/product_brand?post=534059"},{"taxonomy":"product_cat","embeddable":true,"href":"https:\/\/lucacastelli.com\/de\/wp-json\/wp\/v2\/product_cat?post=534059"},{"taxonomy":"product_tag","embeddable":true,"href":"https:\/\/lucacastelli.com\/de\/wp-json\/wp\/v2\/product_tag?post=534059"}],"curies":[{"name":"wp","href":"https:\/\/api.w.org\/{rel}","templated":true}]}}