{"id":534039,"date":"2025-08-01T12:16:20","date_gmt":"2025-08-01T10:16:20","guid":{"rendered":"https:\/\/lucacastelli.com\/prodotto\/stihl-spranga-guida-rollomatic-es-2\/"},"modified":"2025-08-01T12:16:45","modified_gmt":"2025-08-01T10:16:45","slug":"stihl-spranga-guida-rollomatic-es-2","status":"publish","type":"product","link":"https:\/\/lucacastelli.com\/de\/produkt\/stihl-spranga-guida-rollomatic-es-2\/","title":{"rendered":"STIHL Spranga guida ROLLOMATIC ES"},"content":{"rendered":"<p>F\u00fcr h\u00f6chste professionelle Anspr\u00fcche an sehr leistungsstarke Maschinen. Massives und besonders steifes Stangengeh\u00e4use, vollst\u00e4ndig austauschbarer Stangenkopf, schr\u00e4ge elliptische \u00d6ll\u00f6cher f\u00fcr optimale Schmierung. Wartungsfrei dank der geschlossenen Lagerung des Umlenksterns.<\/p>\n","protected":false},"excerpt":{"rendered":"<p>F\u00fcr h\u00f6chste professionelle Anspr\u00fcche an sehr leistungsstarke Maschinen. Massives und besonders steifes Stangengeh\u00e4use, vollst\u00e4ndig austauschbarer Stangenkopf, schr\u00e4ge elliptische \u00d6ll\u00f6cher f\u00fcr<\/p>\n","protected":false},"featured_media":534032,"template":"","meta":{"_seopress_robots_primary_cat":"","_seopress_titles_title":"","_seopress_titles_desc":"","_seopress_robots_index":""},"product_brand":[3554],"product_cat":[169,1618],"product_tag":[],"class_list":{"0":"post-534039","1":"product","2":"type-product","3":"status-publish","4":"has-post-thumbnail","6":"product_brand-stihl-de","7":"product_cat-maschinen","8":"product_cat-fuhrungsschienen","10":"first","11":"instock","12":"shipping-taxable","13":"product-type-variable"},"_links":{"self":[{"href":"https:\/\/lucacastelli.com\/de\/wp-json\/wp\/v2\/product\/534039","targetHints":{"allow":["GET"]}}],"collection":[{"href":"https:\/\/lucacastelli.com\/de\/wp-json\/wp\/v2\/product"}],"about":[{"href":"https:\/\/lucacastelli.com\/de\/wp-json\/wp\/v2\/types\/product"}],"wp:featuredmedia":[{"embeddable":true,"href":"https:\/\/lucacastelli.com\/de\/wp-json\/wp\/v2\/media\/534032"}],"wp:attachment":[{"href":"https:\/\/lucacastelli.com\/de\/wp-json\/wp\/v2\/media?parent=534039"}],"wp:term":[{"taxonomy":"product_brand","embeddable":true,"href":"https:\/\/lucacastelli.com\/de\/wp-json\/wp\/v2\/product_brand?post=534039"},{"taxonomy":"product_cat","embeddable":true,"href":"https:\/\/lucacastelli.com\/de\/wp-json\/wp\/v2\/product_cat?post=534039"},{"taxonomy":"product_tag","embeddable":true,"href":"https:\/\/lucacastelli.com\/de\/wp-json\/wp\/v2\/product_tag?post=534039"}],"curies":[{"name":"wp","href":"https:\/\/api.w.org\/{rel}","templated":true}]}}