{"id":533912,"date":"2025-08-01T12:04:07","date_gmt":"2025-08-01T10:04:07","guid":{"rendered":"https:\/\/lucacastelli.com\/prodotto\/stihl-prolunga-hta-50-2\/"},"modified":"2025-08-18T15:31:00","modified_gmt":"2025-08-18T13:31:00","slug":"stihl-prolunga-hta-50-2","status":"publish","type":"product","link":"https:\/\/lucacastelli.com\/de\/produkt\/stihl-prolunga-hta-50-2\/","title":{"rendered":"STIHL Prolunga HTA 50"},"content":{"rendered":"<p>Hauptmerkmale:  <\/p>\n<p>Hergestellt aus Aluminium.<br \/>\nGesamtl\u00e4nge 50 cm.<br \/>\nGewicht 465 g.<br \/>\nZubeh\u00f6r f\u00fcr die STIHL Astschere HTA 50, mit dem sich der Schaft mit einem Handgriff um 50 cm verl\u00e4ngern l\u00e4sst.<\/p>\n","protected":false},"excerpt":{"rendered":"<p>Hauptmerkmale: Hergestellt aus Aluminium. Gesamtl\u00e4nge 50 cm. Gewicht 465 g. Zubeh\u00f6r f\u00fcr die STIHL Astschere HTA 50, mit dem sich<\/p>\n","protected":false},"featured_media":533906,"template":"","meta":{"_seopress_robots_primary_cat":"","_seopress_titles_title":"","_seopress_titles_desc":"","_seopress_robots_index":""},"product_brand":[3554],"product_cat":[1629,1695,169],"product_tag":[],"class_list":{"0":"post-533912","1":"product","2":"type-product","3":"status-publish","4":"has-post-thumbnail","6":"product_brand-stihl-de","7":"product_cat-akku-heckenscheren-und-astscheren","8":"product_cat-heckenscheren-und-astscheren","9":"product_cat-maschinen","11":"first","12":"onbackorder","13":"shipping-taxable","14":"purchasable","15":"product-type-simple"},"_links":{"self":[{"href":"https:\/\/lucacastelli.com\/de\/wp-json\/wp\/v2\/product\/533912","targetHints":{"allow":["GET"]}}],"collection":[{"href":"https:\/\/lucacastelli.com\/de\/wp-json\/wp\/v2\/product"}],"about":[{"href":"https:\/\/lucacastelli.com\/de\/wp-json\/wp\/v2\/types\/product"}],"wp:featuredmedia":[{"embeddable":true,"href":"https:\/\/lucacastelli.com\/de\/wp-json\/wp\/v2\/media\/533906"}],"wp:attachment":[{"href":"https:\/\/lucacastelli.com\/de\/wp-json\/wp\/v2\/media?parent=533912"}],"wp:term":[{"taxonomy":"product_brand","embeddable":true,"href":"https:\/\/lucacastelli.com\/de\/wp-json\/wp\/v2\/product_brand?post=533912"},{"taxonomy":"product_cat","embeddable":true,"href":"https:\/\/lucacastelli.com\/de\/wp-json\/wp\/v2\/product_cat?post=533912"},{"taxonomy":"product_tag","embeddable":true,"href":"https:\/\/lucacastelli.com\/de\/wp-json\/wp\/v2\/product_tag?post=533912"}],"curies":[{"name":"wp","href":"https:\/\/api.w.org\/{rel}","templated":true}]}}