{"id":533779,"date":"2025-08-01T11:53:08","date_gmt":"2025-08-01T09:53:08","guid":{"rendered":"https:\/\/lucacastelli.com\/prodotto\/stihl-idropulitrice-giocattolo-con-batteria-2\/"},"modified":"2026-03-02T09:30:14","modified_gmt":"2026-03-02T08:30:14","slug":"stihl-idropulitrice-giocattolo-con-batteria-2","status":"publish","type":"product","link":"https:\/\/lucacastelli.com\/de\/produkt\/stihl-idropulitrice-giocattolo-con-batteria-2\/","title":{"rendered":"STIHL Hochdruckreiniger Spielzeug mit Batterie"},"content":{"rendered":"<p>Wenn Mama und Papa wieder mit dem Hochdruckreiniger am Werk sind, k\u00f6nnen auch die Kleinsten mitmachen! Mit diesem STIHL Spielzeug-Hochdruckreiniger! Die Spr\u00fchfunktion garantiert jede Menge Spa\u00df. Die mitgelieferte Batterie h\u00e4lt bei voller Ladung eine Stunde, der Wassertank reicht f\u00fcr eine Spr\u00fchzeit von vier bis f\u00fcnf Minuten.   <\/p>\n","protected":false},"excerpt":{"rendered":"<p>Wenn Mama und Papa wieder mit dem Hochdruckreiniger am Werk sind, k\u00f6nnen auch die Kleinsten mitmachen! Mit diesem STIHL Spielzeug-Hochdruckreiniger!<\/p>\n","protected":false},"featured_media":533774,"template":"","meta":{"_seopress_robots_primary_cat":"none","_seopress_titles_title":"","_seopress_titles_desc":"","_seopress_robots_index":""},"product_brand":[3366],"product_cat":[21,1103],"product_tag":[6422],"class_list":{"0":"post-533779","1":"product","2":"type-product","3":"status-publish","4":"has-post-thumbnail","6":"product_brand-stihl","7":"product_cat-abbigliamento","8":"product_cat-shops","9":"product_tag-giocattoli","10":"sws-gruppo-abb-libero-de","11":"sws-conto-ricavi-merci-rivendita-abbigliamento-de","12":"sws-gruppo-iva-iva81-de","14":"first","15":"instock","16":"featured","17":"shipping-taxable","18":"purchasable","19":"product-type-simple"},"_links":{"self":[{"href":"https:\/\/lucacastelli.com\/de\/wp-json\/wp\/v2\/product\/533779","targetHints":{"allow":["GET"]}}],"collection":[{"href":"https:\/\/lucacastelli.com\/de\/wp-json\/wp\/v2\/product"}],"about":[{"href":"https:\/\/lucacastelli.com\/de\/wp-json\/wp\/v2\/types\/product"}],"wp:featuredmedia":[{"embeddable":true,"href":"https:\/\/lucacastelli.com\/de\/wp-json\/wp\/v2\/media\/533774"}],"wp:attachment":[{"href":"https:\/\/lucacastelli.com\/de\/wp-json\/wp\/v2\/media?parent=533779"}],"wp:term":[{"taxonomy":"product_brand","embeddable":true,"href":"https:\/\/lucacastelli.com\/de\/wp-json\/wp\/v2\/product_brand?post=533779"},{"taxonomy":"product_cat","embeddable":true,"href":"https:\/\/lucacastelli.com\/de\/wp-json\/wp\/v2\/product_cat?post=533779"},{"taxonomy":"product_tag","embeddable":true,"href":"https:\/\/lucacastelli.com\/de\/wp-json\/wp\/v2\/product_tag?post=533779"}],"curies":[{"name":"wp","href":"https:\/\/api.w.org\/{rel}","templated":true}]}}