{"id":526594,"date":"2025-07-31T15:41:25","date_gmt":"2025-07-31T13:41:25","guid":{"rendered":"https:\/\/lucacastelli.com\/prodotto\/stihl-scarponi-trekking-advance-gtx-2\/"},"modified":"2025-08-01T13:13:25","modified_gmt":"2025-08-01T11:13:25","slug":"stihl-scarponi-trekking-advance-gtx-2","status":"publish","type":"product","link":"https:\/\/lucacastelli.com\/de\/produkt\/stihl-scarponi-trekking-advance-gtx-2\/","title":{"rendered":"STIHL ADVANCE GTX-Trekkingstiefel"},"content":{"rendered":"<p>Hochwertiges, extrem wasserabweisendes Velours-Kalbsleder f\u00fcr professionelle Kettens\u00e4genarbeiten in Hanglagen und bei der Baumpflege. Stabile Schn\u00fcrung mit tiefen Haken, leicht verschiebbare \u00d6sen, wasserdichte und extrem atmungsaktive GORE-TEX\u00ae-Membran. Hochabsorbierende, herausnehmbare ergonomische Innensohle, zus\u00e4tzlicher Schutz vor N\u00e4sse und Abnutzung durch hohen Gummirand, sto\u00dfd\u00e4mpfende PU-Zwischensohle, hohe Bewegungssicherheit durch spezielle rutschfeste Profilsohle.<\/p>\n","protected":false},"excerpt":{"rendered":"<p>Hochwertiges, extrem wasserabweisendes Velours-Kalbsleder f\u00fcr professionelle Kettens\u00e4genarbeiten in Hanglagen und bei der Baumpflege. Stabile Schn\u00fcrung mit tiefen Haken, leicht verschiebbare<\/p>\n","protected":false},"featured_media":526590,"template":"","meta":{"_seopress_robots_primary_cat":"none","_seopress_titles_title":"","_seopress_titles_desc":"","_seopress_robots_index":""},"product_brand":[3554],"product_cat":[1424,175],"product_tag":[],"class_list":{"0":"post-526594","1":"product","2":"type-product","3":"status-publish","4":"has-post-thumbnail","6":"product_brand-stihl-de","7":"product_cat-arbeitsschuhe","8":"product_cat-schuhe","9":"sws-gruppo-abb-libero-de","10":"sws-conto-ricavi-merci-rivendita-abbigliamento-de","11":"sws-gruppo-iva-iva81-de","13":"first","14":"instock","15":"sale","16":"shipping-taxable","17":"purchasable","18":"product-type-variable"},"_links":{"self":[{"href":"https:\/\/lucacastelli.com\/de\/wp-json\/wp\/v2\/product\/526594","targetHints":{"allow":["GET"]}}],"collection":[{"href":"https:\/\/lucacastelli.com\/de\/wp-json\/wp\/v2\/product"}],"about":[{"href":"https:\/\/lucacastelli.com\/de\/wp-json\/wp\/v2\/types\/product"}],"wp:featuredmedia":[{"embeddable":true,"href":"https:\/\/lucacastelli.com\/de\/wp-json\/wp\/v2\/media\/526590"}],"wp:attachment":[{"href":"https:\/\/lucacastelli.com\/de\/wp-json\/wp\/v2\/media?parent=526594"}],"wp:term":[{"taxonomy":"product_brand","embeddable":true,"href":"https:\/\/lucacastelli.com\/de\/wp-json\/wp\/v2\/product_brand?post=526594"},{"taxonomy":"product_cat","embeddable":true,"href":"https:\/\/lucacastelli.com\/de\/wp-json\/wp\/v2\/product_cat?post=526594"},{"taxonomy":"product_tag","embeddable":true,"href":"https:\/\/lucacastelli.com\/de\/wp-json\/wp\/v2\/product_tag?post=526594"}],"curies":[{"name":"wp","href":"https:\/\/api.w.org\/{rel}","templated":true}]}}