{"id":524888,"date":"2025-07-31T12:01:31","date_gmt":"2025-07-31T10:01:31","guid":{"rendered":"https:\/\/lucacastelli.com\/prodotto\/stihl-set-di-fissaggio-per-aspirazione-2\/"},"modified":"2025-07-31T12:01:36","modified_gmt":"2025-07-31T10:01:36","slug":"stihl-set-di-fissaggio-per-aspirazione-2","status":"publish","type":"product","link":"https:\/\/lucacastelli.com\/de\/produkt\/stihl-set-di-fissaggio-per-aspirazione-2\/","title":{"rendered":"STIHL Set di fissaggio per aspirazione"},"content":{"rendered":"<p>Um das Gebl\u00e4se in einen Vakuum-H\u00e4cksler umzuwandeln. F\u00fcr BG 56.<\/p>\n","protected":false},"excerpt":{"rendered":"<p>Um das Gebl\u00e4se in einen Vakuum-H\u00e4cksler umzuwandeln. F\u00fcr BG 56.<\/p>\n","protected":false},"featured_media":524882,"template":"","meta":{"_seopress_robots_primary_cat":"","_seopress_titles_title":"","_seopress_titles_desc":"","_seopress_robots_index":""},"product_brand":[3366],"product_cat":[29,485],"product_tag":[],"class_list":{"0":"post-524888","1":"product","2":"type-product","3":"status-publish","4":"has-post-thumbnail","6":"product_brand-stihl","7":"product_cat-macchinari","8":"product_cat-soffiatori-e-aspiratori","10":"first","11":"onbackorder","12":"shipping-taxable","13":"purchasable","14":"product-type-simple"},"_links":{"self":[{"href":"https:\/\/lucacastelli.com\/de\/wp-json\/wp\/v2\/product\/524888","targetHints":{"allow":["GET"]}}],"collection":[{"href":"https:\/\/lucacastelli.com\/de\/wp-json\/wp\/v2\/product"}],"about":[{"href":"https:\/\/lucacastelli.com\/de\/wp-json\/wp\/v2\/types\/product"}],"wp:featuredmedia":[{"embeddable":true,"href":"https:\/\/lucacastelli.com\/de\/wp-json\/wp\/v2\/media\/524882"}],"wp:attachment":[{"href":"https:\/\/lucacastelli.com\/de\/wp-json\/wp\/v2\/media?parent=524888"}],"wp:term":[{"taxonomy":"product_brand","embeddable":true,"href":"https:\/\/lucacastelli.com\/de\/wp-json\/wp\/v2\/product_brand?post=524888"},{"taxonomy":"product_cat","embeddable":true,"href":"https:\/\/lucacastelli.com\/de\/wp-json\/wp\/v2\/product_cat?post=524888"},{"taxonomy":"product_tag","embeddable":true,"href":"https:\/\/lucacastelli.com\/de\/wp-json\/wp\/v2\/product_tag?post=524888"}],"curies":[{"name":"wp","href":"https:\/\/api.w.org\/{rel}","templated":true}]}}