{"id":524880,"date":"2025-07-31T12:01:19","date_gmt":"2025-07-31T10:01:19","guid":{"rendered":"https:\/\/lucacastelli.com\/prodotto\/stihl-she-81-2\/"},"modified":"2026-04-01T10:09:43","modified_gmt":"2026-04-01T08:09:43","slug":"stihl-she-81-2","status":"publish","type":"product","link":"https:\/\/lucacastelli.com\/de\/produkt\/stihl-she-81-2\/","title":{"rendered":"STIHL SHE 81"},"content":{"rendered":"<p>Leichter Elektro-Saugh\u00e4cksler mit starker Saugwirkung f\u00fcr die Reinigung gro\u00dfer Fl\u00e4chen im hausnahen Bereich. Serienm\u00e4\u00dfig auch als Blasger\u00e4t einsetzbar, werkzeugloser Umbau zwischen Saug- und Blasbetrieb. Mit Blasrohr und Flachd\u00fcse. Serienm\u00e4ssig auch als Blasger\u00e4t einsetzbar.<\/p>\n","protected":false},"excerpt":{"rendered":"<p>Leichter Elektro-Saugh\u00e4cksler mit starker Saugwirkung f\u00fcr die Reinigung gro\u00dfer Fl\u00e4chen im hausnahen Bereich. Serienm\u00e4\u00dfig auch als Blasger\u00e4t einsetzbar, werkzeugloser Umbau<\/p>\n","protected":false},"featured_media":524874,"template":"","meta":{"_seopress_robots_primary_cat":"","_seopress_titles_title":"","_seopress_titles_desc":"","_seopress_robots_index":""},"product_brand":[3366],"product_cat":[29,485],"product_tag":[],"class_list":{"0":"post-524880","1":"product","2":"type-product","3":"status-publish","4":"has-post-thumbnail","6":"product_brand-stihl","7":"product_cat-macchinari","8":"product_cat-soffiatori-e-aspiratori","10":"first","11":"onbackorder","12":"shipping-taxable","13":"purchasable","14":"product-type-simple"},"_links":{"self":[{"href":"https:\/\/lucacastelli.com\/de\/wp-json\/wp\/v2\/product\/524880","targetHints":{"allow":["GET"]}}],"collection":[{"href":"https:\/\/lucacastelli.com\/de\/wp-json\/wp\/v2\/product"}],"about":[{"href":"https:\/\/lucacastelli.com\/de\/wp-json\/wp\/v2\/types\/product"}],"wp:featuredmedia":[{"embeddable":true,"href":"https:\/\/lucacastelli.com\/de\/wp-json\/wp\/v2\/media\/524874"}],"wp:attachment":[{"href":"https:\/\/lucacastelli.com\/de\/wp-json\/wp\/v2\/media?parent=524880"}],"wp:term":[{"taxonomy":"product_brand","embeddable":true,"href":"https:\/\/lucacastelli.com\/de\/wp-json\/wp\/v2\/product_brand?post=524880"},{"taxonomy":"product_cat","embeddable":true,"href":"https:\/\/lucacastelli.com\/de\/wp-json\/wp\/v2\/product_cat?post=524880"},{"taxonomy":"product_tag","embeddable":true,"href":"https:\/\/lucacastelli.com\/de\/wp-json\/wp\/v2\/product_tag?post=524880"}],"curies":[{"name":"wp","href":"https:\/\/api.w.org\/{rel}","templated":true}]}}